{"id":1297,"date":"2026-01-09T13:36:42","date_gmt":"2026-01-09T12:36:42","guid":{"rendered":"https:\/\/matricateszt.hu\/?page_id=1297"},"modified":"2026-01-09T13:51:58","modified_gmt":"2026-01-09T12:51:58","slug":"csaladbarat-muzeum","status":"publish","type":"page","link":"https:\/\/matricateszt.hu\/en\/csaladbarat-muzeum","title":{"rendered":"Csal\u00e1dbar\u00e1t M\u00fazeum"},"content":{"rendered":"<div data-elementor-type=\"wp-page\" data-elementor-id=\"1297\" class=\"elementor elementor-1297\" data-elementor-post-type=\"page\">\n\t\t\t\t<div data-dce-background-color=\"#CBBD93D9\" class=\"elementor-element elementor-element-c313f1b e-con-full e-flex e-con e-parent\" data-id=\"c313f1b\" data-element_type=\"container\" data-e-type=\"container\" data-settings=\"{&quot;background_background&quot;:&quot;classic&quot;,&quot;jet_parallax_layout_list&quot;:[]}\">\n\t\t\t\t<div class=\"elementor-element elementor-element-85bf22f elementor-widget elementor-widget-heading\" data-id=\"85bf22f\" data-element_type=\"widget\" data-e-type=\"widget\" data-widget_type=\"heading.default\">\n\t\t\t\t\t<h1 class=\"elementor-heading-title elementor-size-default\">Csal\u00e1dbar\u00e1t M\u00fazeum<\/h1>\t\t\t\t<\/div>\n\t\t<div class=\"elementor-element elementor-element-d66f134 e-con-full e-flex e-con e-child\" data-id=\"d66f134\" data-element_type=\"container\" data-e-type=\"container\" data-settings=\"{&quot;jet_parallax_layout_list&quot;:[]}\">\n\t\t\t\t<div class=\"elementor-element elementor-element-fa6bcd2 elementor-widget elementor-widget-heading\" data-id=\"fa6bcd2\" data-element_type=\"widget\" data-e-type=\"widget\" data-widget_type=\"heading.default\">\n\t\t\t\t\t<h3 class=\"elementor-heading-title elementor-size-default\">Kedves L\u00e1togat\u00f3 Csal\u00e1dok!<\/h3>\t\t\t\t<\/div>\n\t\t\t\t<div class=\"elementor-element elementor-element-b3a1703 elementor-widget elementor-widget-text-editor\" data-id=\"b3a1703\" data-element_type=\"widget\" data-e-type=\"widget\" data-widget_type=\"text-editor.default\">\n\t\t\t\t\t\t\t\t\t<p>2020-ban \u00e9s 2024-ben is elnyert\u00fck a Csal\u00e1dbar\u00e1t M\u00fazeum elismer\u00e9st. \u00cdgy \u00fajabb h\u00e1rom \u00e9ven kereszt\u00fcl hivatalosan is \u00e9rv\u00e9nyben van a min\u0151s\u00edt\u00e9s\u00fcnk. Olyan \u00e9p\u00edtett \u00e9s term\u00e9szetes k\u00f6rnyezetben v\u00e1rjuk \u00d6n\u00f6ket, melyekben a csal\u00e1dok k\u00e9nyelemben \u00e9s biztons\u00e1gban \u00e9rezhetik magukat. Mindk\u00e9t helysz\u00edn\u00fcnk akad\u00e1lymentesen megk\u00f6zel\u00edthet\u0151, haszn\u00e1lhat\u00f3. A M\u00fazeum \u00e9p\u00fclet\u00e9ben r\u00e1mpa \u00e9s lift seg\u00edti a mozg\u00e1st, a Park f\u00fcves ter\u00fclete gondozott, babakocsival is k\u00f6nnyen lehet rajta k\u00f6zlekedni.<\/p><p>A M\u00fazeumban van lehet\u0151s\u00e9g a babakocsi elhelyez\u00e9s\u00e9re \u00e9s m\u0171k\u00f6dik csomagmeg\u0151rz\u0151. A l\u00e1togat\u00f3i WC-k egyike sz\u0171k\u00edt\u0151vel is ell\u00e1that\u00f3, biztons\u00e1gosan haszn\u00e1lhatj\u00e1k a kicsik. Ig\u00e9ny szerint szoptat\u00e1sra is alkalmas helyet tudunk biztos\u00edtani. A Parkban piknikpl\u00e9dekkel \u00e9s \u00e1rny\u00e9kban \u00e1ll\u00f3 padokkal ny\u00fajtjuk az \u00e9tkez\u00e9shez, pihen\u00e9shez alkalmas helyeket. Iv\u00f3v\u00edzv\u00e9teli lehet\u0151s\u00e9get is adunk mindk\u00e9t int\u00e9zm\u00e9ny\u00fcnk ter\u00fclet\u00e9n.<\/p><p>A Parkban a l\u00e1togathat\u00f3 haloms\u00edr szint\u00e9n akad\u00e1lymentesen megk\u00f6zel\u00edthet\u0151, \u00e9s k\u00e9r\u00e9sre mobil \u00fcl\u0151helyeket tudunk elhelyezni benne. A biztons\u00e1gos k\u00f6rnyezetben nagy hangs\u00falyt fektet\u00fcnk a k\u00fcl\u00f6nb\u00f6z\u0151 koroszt\u00e1ly\u00fa csal\u00e1dtagoknak sz\u00f3l\u00f3 \u00e9lm\u00e9nyny\u00fajt\u00e1sra. Ez\u00e9rt a gyerekeknek interakt\u00edv pontokat alak\u00edtottunk ki az \u00e1lland\u00f3 ki\u00e1ll\u00edt\u00e1sban, \u00e9s j\u00e1tsz\u00f3sarkot a m\u00fazeumpedag\u00f3giai foglalkoztat\u00f3teremben. A j\u00e1t\u00e9kelemeket, kihelyezett foglalkoztat\u00f3lapokat a csal\u00e1dok egy\u00fctt is tudj\u00e1k haszn\u00e1lni a M\u00fazeumban \u00e9s a Parkban is. A csal\u00e1dok t\u00f6bb \u00e9ve v\u00e1ltozatlan kedvezm\u00e9nyes jegy\u00e1rakkal vehetik ig\u00e9nybe szolg\u00e1ltat\u00e1sainkat, ezekr\u0151l honlapunkr\u00f3l \u00e9s a FB oldalunkr\u00f3l t\u00e1j\u00e9koz\u00f3dhatnak.<\/p>\t\t\t\t\t\t\t\t<\/div>\n\t\t\t\t<\/div>\n\t\t\t\t<div class=\"elementor-element elementor-element-2e83af7 elementor-widget elementor-widget-heading\" data-id=\"2e83af7\" data-element_type=\"widget\" data-e-type=\"widget\" data-widget_type=\"heading.default\">\n\t\t\t\t\t<h3 class=\"elementor-heading-title elementor-size-default\">V\u00e1rjuk \u00d6n\u00f6ket szeretettel \u00e9s gondoskod\u00e1ssal!<\/h3>\t\t\t\t<\/div>\n\t\t\t\t<\/div>\n\t\t\t\t<\/div>","protected":false},"excerpt":{"rendered":"<p>Csal\u00e1dbar\u00e1t M\u00fazeum Kedves L\u00e1togat\u00f3 Csal\u00e1dok! 2020-ban \u00e9s 2024-ben is elnyert\u00fck a Csal\u00e1dbar\u00e1t M\u00fazeum elismer\u00e9st. \u00cdgy \u00fajabb h\u00e1rom \u00e9ven kereszt\u00fcl hivatalosan is \u00e9rv\u00e9nyben van a min\u0151s\u00edt\u00e9s\u00fcnk. Olyan \u00e9p\u00edtett \u00e9s term\u00e9szetes k\u00f6rnyezetben v\u00e1rjuk \u00d6n\u00f6ket, melyekben a csal\u00e1dok k\u00e9nyelemben \u00e9s biztons\u00e1gban \u00e9rezhetik magukat. Mindk\u00e9t helysz\u00edn\u00fcnk akad\u00e1lymentesen megk\u00f6zel\u00edthet\u0151, haszn\u00e1lhat\u00f3. A M\u00fazeum \u00e9p\u00fclet\u00e9ben r\u00e1mpa \u00e9s lift seg\u00edti a mozg\u00e1st, a [&hellip;]<\/p>\n","protected":false},"author":1,"featured_media":0,"parent":0,"menu_order":0,"comment_status":"closed","ping_status":"closed","template":"","meta":{"footnotes":""},"class_list":["post-1297","page","type-page","status-publish","hentry"],"jetpack_sharing_enabled":true,"_links":{"self":[{"href":"https:\/\/matricateszt.hu\/en\/wp-json\/wp\/v2\/pages\/1297","targetHints":{"allow":["GET"]}}],"collection":[{"href":"https:\/\/matricateszt.hu\/en\/wp-json\/wp\/v2\/pages"}],"about":[{"href":"https:\/\/matricateszt.hu\/en\/wp-json\/wp\/v2\/types\/page"}],"author":[{"embeddable":true,"href":"https:\/\/matricateszt.hu\/en\/wp-json\/wp\/v2\/users\/1"}],"replies":[{"embeddable":true,"href":"https:\/\/matricateszt.hu\/en\/wp-json\/wp\/v2\/comments?post=1297"}],"version-history":[{"count":21,"href":"https:\/\/matricateszt.hu\/en\/wp-json\/wp\/v2\/pages\/1297\/revisions"}],"predecessor-version":[{"id":1337,"href":"https:\/\/matricateszt.hu\/en\/wp-json\/wp\/v2\/pages\/1297\/revisions\/1337"}],"wp:attachment":[{"href":"https:\/\/matricateszt.hu\/en\/wp-json\/wp\/v2\/media?parent=1297"}],"curies":[{"name":"wp","href":"https:\/\/api.w.org\/{rel}","templated":true}]}}