{"id":1314,"date":"2026-01-09T13:54:37","date_gmt":"2026-01-09T12:54:37","guid":{"rendered":"https:\/\/matricateszt.hu\/?page_id=1314"},"modified":"2026-01-16T10:47:46","modified_gmt":"2026-01-16T09:47:46","slug":"adatkezelesi-tajekoztato","status":"publish","type":"page","link":"https:\/\/matricateszt.hu\/en\/adatkezelesi-tajekoztato","title":{"rendered":"Adatkezel\u00e9si T\u00e1j\u00e9koztat\u00f3"},"content":{"rendered":"<div data-elementor-type=\"wp-page\" data-elementor-id=\"1314\" class=\"elementor elementor-1314\" data-elementor-post-type=\"page\">\n\t\t\t\t<div data-dce-background-color=\"#CBBD93D9\" class=\"elementor-element elementor-element-a47ee1f e-con-full e-flex e-con e-parent\" data-id=\"a47ee1f\" data-element_type=\"container\" data-e-type=\"container\" data-settings=\"{&quot;background_background&quot;:&quot;classic&quot;,&quot;jet_parallax_layout_list&quot;:[]}\">\n\t\t\t\t<div class=\"elementor-element elementor-element-fc1fbf2 elementor-widget elementor-widget-heading\" data-id=\"fc1fbf2\" data-element_type=\"widget\" data-e-type=\"widget\" data-widget_type=\"heading.default\">\n\t\t\t\t\t<h2 class=\"elementor-heading-title elementor-size-default\">Adatkezel\u00e9si T\u00e1j\u00e9koztat\u00f3<\/h2>\t\t\t\t<\/div>\n\t\t\t\t<div class=\"elementor-element elementor-element-47a1932 elementor-widget elementor-widget-text-editor\" data-id=\"47a1932\" data-element_type=\"widget\" data-e-type=\"widget\" data-widget_type=\"text-editor.default\">\n\t\t\t\t\t\t\t\t\t<div class=\"wpb_text_column wpb_content_element\">\n<div class=\"wpb_wrapper\">\n<h1 style=\"text-align: center;\"><span style=\"text-decoration: underline;\"><em>Adatv\u00e9delmi ir\u00e1nyelvek<\/em><\/span><\/h1>\n<p>A \u201eMatrica\u201d M\u00fazeum h\u00edrlev\u00e9l szolg\u00e1ltat\u00e1s\u00e1val &nbsp;\u00e9s a honlapon tal\u00e1lhat\u00f3 kiadv\u00e1nyok megv\u00e1s\u00e1rl\u00e1s\u00e1val \u00f6sszef\u00fcgg\u0151 adatkezel\u00e9sr\u0151l.<\/p>\n<p>Jelen adatkezel\u00e9si t\u00e1j\u00e9koztat\u00f3 \u201eMatrica\u201d M\u00fazeum rendszeresen k\u00fcld\u00f6tt marketing c\u00e9l\u00fa h\u00edrlev\u00e9l-szolg\u00e1ltat\u00e1s\u00e1val \u00f6sszef\u00fcgg\u0151 szem\u00e9lyes adatkezel\u00e9sre vonatkoz\u00f3 tudnival\u00f3kat tartalmazza.<\/p>\n<p><strong>Az adatkezel\u0151 megnevez\u00e9se:<\/strong><\/p>\n<p>\u201eMatrica\u201d Museum<\/p>\n<p>Sz\u00e9khely: 2440 Sz\u00e1zhalombatta, Geszteny\u00e9s \u00fat 1-3.<\/p>\n<p><strong>Kapcsolattart\u00e1si adatok:<\/strong><\/p>\n<p>E-mail: <span style=\"text-decoration: underline;\">info@matricamuzeum.hu<\/span><\/p>\n<p>Tel: 06-70-402-6320<\/p>\n<p><strong>A kezelt szem\u00e9lyes adatok k\u00f6re:<\/strong> a h\u00edrlev\u00e9lre t\u00f6rt\u00e9n\u0151 feliratkoz\u00e1s \u00e9s v\u00e1s\u00e1rl\u00e1s sor\u00e1n az adatkezel\u0151 az \u00e9rintett szem\u00e9lyes adatai k\u00f6z\u00fcl a vezet\u00e9knev\u00e9t, keresztnev\u00e9t, c\u00edm\u00e9t \u00e9s e-mail c\u00edm\u00e9t kezeli.<\/p>\n<p><strong>Az adatkezel\u00e9s jogalapja:<\/strong> az \u00e9rintett \u00f6nk\u00e9ntes hozz\u00e1j\u00e1rul\u00e1sa.<\/p>\n<p><strong>Az adatkezel\u00e9s c\u00e9lja:<\/strong> az adatkezel\u0151 hazai \u00e9s nemzetk\u00f6zi p\u00e1ly\u00e1zatokr\u00f3l, konferenci\u00e1kr\u00f3l, saj\u00e1t szervez\u00e9s\u0171 rendezv\u00e9nyeir\u0151l, ki\u00e1ll\u00edt\u00e1sokr\u00f3l, gy\u0171jtem\u00e9nygyarapod\u00e1sr\u00f3l, kutat\u00e1si eredm\u00e9nyekr\u0151l, szakmai publik\u00e1ci\u00f3r\u00f3l \u00e9s egy\u00e9b, a m\u00fazeumi \u00e9letet \u00e9rint\u0151 hazai \u00e9s nemzetk\u00f6zi esem\u00e9nyekr\u0151l ad h\u00edrt.<\/p>\n<p><strong>Az adatkezel\u00e9s id\u0151tartama:<\/strong><\/p>\n<p>Az adatkezel\u00e9s a \u201eMatrica\u201d M\u00fazeum rendezv\u00e9nyeken val\u00f3 regisztr\u00e1ci\u00f3 sor\u00e1n illetve a matricamuzeum.hu honlapj\u00e1n t\u00f6rt\u00e9n\u0151 feliratkoz\u00e1ssal \u00e9s az ehhez sz\u00fcks\u00e9ges szem\u00e9lyes adatok k\u00f6zvetlen\u00fcl az \u00e9rintett \u00e1ltali \u00f6nk\u00e9ntes megad\u00e1s\u00e1val kezd\u0151d\u00f6tt. Az \u00e9rintett fent megjel\u00f6lt szem\u00e9lyes adatait kiz\u00e1r\u00f3lag a h\u00edrlev\u00e9lre val\u00f3 feliratkoz\u00e1s id\u0151tartama alatt kezeli az adatkezel\u0151. Amennyiben az \u00e9rintett a h\u00edrlev\u00e9lr\u0151l leiratkozik, az ezzel \u00f6sszef\u00fcgg\u00e9sben kezelt szem\u00e9lyes adatokat az adatkezel\u0151 automatikusan t\u00f6rli.<\/p>\n<p><strong>Az \u00e9rintett jogosult:<\/strong><\/p>\n<ul>\n<li>k\u00e9relmezni az adatkezel\u0151t\u0151l a r\u00e1 vonatkoz\u00f3 szem\u00e9lyes adatokhoz val\u00f3 hozz\u00e1f\u00e9r\u00e9st, az adatok helyesb\u00edt\u00e9s\u00e9t, t\u00f6rl\u00e9s\u00e9t vagy kezel\u00e9s\u00e9nek korl\u00e1toz\u00e1s\u00e1t, tiltakozhat szem\u00e9lyes adatai kezel\u00e9se ellen,<\/li>\n<li>k\u00e9relmezni, hogy a r\u00e1 vonatkoz\u00f3, \u00e1ltala egy adatkezel\u0151 rendelkez\u00e9s\u00e9re bocs\u00e1tott szem\u00e9lyes adatokat tagolt, sz\u00e9les k\u00f6rben haszn\u00e1lt, g\u00e9ppel olvashat\u00f3 form\u00e1tumban megkapja, tov\u00e1bb\u00e1 jogosult arra, hogy ezeket az adatokat egy m\u00e1sik adatkezel\u0151nek tov\u00e1bb\u00edtsa an\u00e9lk\u00fcl, hogy ezt akad\u00e1lyozn\u00e1 az adatkezel\u0151t, amelynek a szem\u00e9lyes adatokat a rendelkez\u00e9s\u00e9re bocs\u00e1totta,<\/li>\n<li>az adatkezel\u00e9shez adott hozz\u00e1j\u00e1rul\u00e1s\u00e1t b\u00e1rmely id\u0151pontban t\u00f6rt\u00e9n\u0151 visszavonni, amely nem \u00e9rinti a visszavon\u00e1s el\u0151tt a hozz\u00e1j\u00e1rul\u00e1s alapj\u00e1n v\u00e9grehajtott adatkezel\u00e9s jogszer\u0171s\u00e9g\u00e9t. A hozz\u00e1j\u00e1rul\u00e1s visszavon\u00e1s\u00e1val \u00e9s a szem\u00e9lyes adatok t\u00f6rl\u00e9s\u00e9vel az adatkezel\u0151 a h\u00edrlev\u00e9l-szolg\u00e1ltat\u00e1st, v\u00e1s\u00e1rl\u00e1st megsz\u00fcnteti,<\/li>\n<li>az \u00e9rintett a jogainak megs\u00e9rt\u00e9se eset\u00e9n az Adatkezel\u0151 ellen b\u00edr\u00f3s\u00e1ghoz fordulhat, vagy k\u00e9rheti a Nemzeti Adatv\u00e9delmi \u00e9s Inform\u00e1ci\u00f3szabads\u00e1g Hat\u00f3s\u00e1g seg\u00edts\u00e9g\u00e9t is. Jogorvoslati lehet\u0151s\u00e9ggel, <strong>panasszal a Nemzeti Adatv\u00e9delmi \u00e9s Inform\u00e1ci\u00f3szabads\u00e1g Hat\u00f3s\u00e1gn\u00e1l lehet \u00e9lni:<\/strong><\/li>\n<\/ul>\n<p>N\u00e9v: Nemzeti Adatv\u00e9delmi \u00e9s Inform\u00e1ci\u00f3szabads\u00e1g Hat\u00f3s\u00e1g<\/p>\n<p>Sz\u00e9khely: 1055 Budapest, Falk Miksa u. 9-11<\/p>\n<p>Levelez\u00e9si c\u00edm: 1374 Budapest, Pf. 603.<\/p>\n<p>Telefon: 1\/391-1400<\/p>\n<p>Fax: 1\/391-1410<\/p>\n<p>E-mail: ugyfelszolgalat@naih.hu<\/p>\n<p>honlap: www.naih.hu<\/p>\n<p><strong>Az adatv\u00e9delmi t\u00e1j\u00e9koztat\u00f3 m\u00f3dos\u00edt\u00e1sa:<\/strong> Az adatkezel\u0151 \u2013 az \u00e9rintettek \u00edr\u00e1sbeli \u00e9rtes\u00edt\u00e9s\u00e9nek k\u00f6telezetts\u00e9ge mellett- fenntartja a jogot, hogy jelen adatv\u00e9delmi t\u00e1j\u00e9koztat\u00f3t b\u00e1rmikor m\u00f3dos\u00edtsa.<\/p>\n<p><strong>Az adatkezel\u00e9s tekintet\u00e9ben ir\u00e1nyad\u00f3 jogszab\u00e1lyok:<\/strong> A jelen adatkezel\u00e9si t\u00e1j\u00e9koztat\u00f3 az inform\u00e1ci\u00f3s \u00f6nrendelkez\u00e9si jogr\u00f3l \u00e9s az inform\u00e1ci\u00f3szabads\u00e1gr\u00f3l sz\u00f3l\u00f3 2011.\u00e9vi CXII. t\u00f6rv\u00e9ny (a tov\u00e1bbiakban: Infotv.), valamit az Eur\u00f3pai Parlament \u00e9s a Tan\u00e1cs 2016\/679 Rendelet\u00e9ben (\u201eGDPR\u201d) el\u0151\u00edrtakon alapul.<\/p>\n<\/div>\n<\/div>\n<div class=\"wpb_text_column wpb_content_element\">\n<div class=\"wpb_wrapper\">\n<h3>&nbsp;<\/h3>\n<p><strong>Kik vagyunk<\/strong><\/p>\n<p>A weboldalunk c\u00edme: matricamuzeum.hu.<\/p>\n<p><strong>Melyek azok a szem\u00e9lyes adatok amiket gy\u0171jt\u00fcnk, \u00e9s milyen c\u00e9llal gy\u0171jtj\u00fck azokat<\/strong><\/p>\n<\/div>\n<div class=\"wpb_wrapper\">\n<p>Hozz\u00e1sz\u00f3l\u00e1sok<\/p>\n<p>Hozz\u00e1sz\u00f3l\u00e1s bek\u00fcld\u00e9sekor a hozz\u00e1sz\u00f3l\u00e1si \u0171rlapban megadottakon k\u00edv\u00fcl begy\u0171jt\u00e9sre ker\u00fcl a hozz\u00e1sz\u00f3l\u00f3 IP c\u00edme \u00e9s a b\u00f6ng\u00e9sz\u0151azonos\u00edt\u00f3 karakterl\u00e1nc a k\u00e9retlen tartalmak kisz\u0171r\u00e9se c\u00e9lj\u00e1b\u00f3l.<\/p>\n<p>Egy szem\u00e9lytelen\u00edtett, az e-mail c\u00edmb\u0151l el\u0151\u00e1ll\u00edtott karakterl\u00e1nc (hashnek szok\u00e1s nevezni) ker\u00fcl tov\u00e1bb\u00edt\u00e1sra a Gravatar szolg\u00e1ltat\u00e1s fel\u00e9, ha ez az oldalon haszn\u00e1latban van. A Gravatar szolg\u00e1ltat\u00e1s felt\u00e9telei az al\u00e1bbi c\u00edmen tekinthet\u0151ek meg: https:\/\/automattic.com\/privacy\/. A hozz\u00e1sz\u00f3l\u00e1s elfogad\u00e1sa ut\u00e1n, a hozz\u00e1sz\u00f3l\u00e1sunk tartalma \u00e9s a profil k\u00e9p\u00fcnk is megjelenik nyilv\u00e1nosan.<\/p>\n<p><strong>M\u00e9dia<\/strong><\/p>\n<p>Amennyiben regisztr\u00e1lt felhaszn\u00e1l\u00f3 \u00e1ltal ker\u00fcl k\u00e9p felt\u00f6lt\u00e9sre a honlapra, ker\u00fclni kell az az olyan EXIF-eket, amelyekben GPS poz\u00edci\u00f3 adatok is szerepelnek. A honlap l\u00e1togat\u00f3i ezeket let\u00f6lthetik \u00e9s kinyerhetik a helyadatokat a honlapon tal\u00e1lhat\u00f3 k\u00e9pekb\u0151l.<\/p>\n<p><strong>Kapcsolatfelv\u00e9teli \u0171rlapok<\/strong><\/p>\n<p><strong>S\u00fctik<\/strong><\/p>\n<p>Hozz\u00e1sz\u00f3l\u00e1s \u00edr\u00e1sa ut\u00e1n a honlap a megadott nevet, e-mail \u00e9s web c\u00edmet s\u00fctiben elt\u00e1rolja. A t\u00e1rol\u00e1s csak k\u00e9nyelmi c\u00e9lokat szolg\u00e1l, hogy a k\u00f6vetkez\u0151 hozz\u00e1sz\u00f3l\u00e1skor ne kelljen automatikusan kit\u00f6lteni. A s\u00fctik lej\u00e1rati ideje 1 \u00e9v.<\/p>\n<p>Ha rendelkez\u00fcnk felhaszn\u00e1l\u00f3i fi\u00f3kkal \u00e9s be is vagyunk jelentkezve erre a honlapra, akkor \u00e1tmeneti s\u00fctiket \u00e1ll\u00edtunk be, annak \u00e9rdek\u00e9ben, hogy meg\u00e1llap\u00edtsuk, hogy a b\u00f6ng\u00e9sz\u0151 elfogadja-e a s\u00fctiket. Ezek a s\u00fctik nem tartalmaznak szem\u00e9lyes inform\u00e1ci\u00f3t, \u00e9s t\u00f6rl\u0151dnek, ahogy bez\u00e1rjuk a b\u00f6ng\u00e9sz\u0151t.<\/p>\n<p>A honlapra t\u00f6rt\u00e9n\u0151 bejelentkez\u00e9skor t\u00f6bb s\u00fctit hozunk l\u00e9tre, amely elmenti a bejelentkez\u00e9si inform\u00e1ci\u00f3t \u00e9s a szerkeszt\u0151fel\u00fclet megjelen\u00edt\u00e9si opci\u00f3it. A bejelentkez\u00e9si s\u00fctik k\u00e9t napig \u00e9rv\u00e9nyesek, a szerkeszt\u0151fel\u00fclet megjelen\u00edt\u00e9si opci\u00f3it t\u00e1rol\u00f3 s\u00fcti egy \u00e9vig. Amennyiben az \u201eEml\u00e9kezz r\u00e1m\u201d opci\u00f3t bejel\u00f6lj\u00fck, a bejelentkez\u00e9s k\u00e9t h\u00e9tig folytat\u00f3dik. Kijelentkez\u00e9skor a bejelentkez\u00e9si s\u00fctik elt\u00e1vol\u00edt\u00e1sra ker\u00fclnek.<\/p>\n<p>Amennyiben bejegyz\u00e9st vagy oldalt szerkeszt\u00fcnk, egy \u00fajabb s\u00fctit t\u00e1rol el a b\u00f6ng\u00e9sz\u0151nk. Ez a s\u00fcti nem tartalmaz szem\u00e9lyes adatot, egyszer\u0171en csak a bejegyz\u00e9s azonos\u00edt\u00f3 sz\u00e1m\u00e1t t\u00e1rolja, amelyet szerkesztett\u00fcnk. Egy nap m\u00falva j\u00e1r le az \u00e9rv\u00e9nyess\u00e9ge.<\/p>\n<p><strong>M\u00e1s honlapokr\u00f3l sz\u00e1rmaz\u00f3 be\u00e1gyazott tartalmak<\/strong><\/p>\n<p>A honlapon el\u00e9rhet\u0151 bejegyz\u00e9sek k\u00fcls\u0151 forr\u00e1sb\u00f3l sz\u00e1rmaz\u00f3 be\u00e1gyazott tartalmakat (pl. vide\u00f3k, k\u00e9pek, cikkek stb.) haszn\u00e1lhatnak. A k\u00fcls\u0151 forr\u00e1sb\u00f3l sz\u00e1rmaz\u00f3 be\u00e1gyazott tartalmak pontosan \u00fagy viselkednek, mintha megl\u00e1togattunk volna egy m\u00e1sik honlapot.<\/p>\n<p>Ezek a webhelyek lehets\u00e9ges, hogy adatot gy\u0171jtenek a l\u00e1togat\u00f3kr\u00f3l, s\u00fctiket vagy harmadik f\u00e9lt\u0151l sz\u00e1rmaz\u00f3 k\u00f6vet\u0151k\u00f3dot haszn\u00e1lnak, figyelik a be\u00e1gyazott tartalommal kapcsolatos felhaszn\u00e1l\u00f3i viselked\u00e9st, ha rendelkez\u00fcnk felhaszn\u00e1l\u00f3i fi\u00f3kkal \u00e9s be vagyunk jelentkezve az oldalra.<\/p>\n<p>Elemz\u00e9sek<\/p>\n<p><strong>Kivel osztjuk meg a felhaszn\u00e1l\u00f3i adatokat<\/strong><\/p>\n<p><strong>Mennyi ideig \u0151rizz\u00fck a szem\u00e9lyes adatot<\/strong><\/p>\n<p>Ha hozz\u00e1sz\u00f3lunk, a hozz\u00e1sz\u00f3l\u00e1s \u00e9s annak metaadatai nem meghat\u00e1rozhat\u00f3 ideig a rendszerben maradnak. Ennek c\u00e9lja, hogy az \u00f6sszes ezt k\u00f6vet\u0151 b\u00e1rmely hozz\u00e1sz\u00f3l\u00e1s \u00e1ltalunk megismertt\u00e9 \u00e9s j\u00f3v\u00e1hagyott\u00e1 v\u00e1ljon, azaz ne ker\u00fclj\u00f6n fel a moder\u00e1land\u00f3 hozz\u00e1sz\u00f3l\u00e1sok list\u00e1j\u00e1ra.<\/p>\n<p>A honlapon regisztr\u00e1lt felhaszn\u00e1l\u00f3k (ha vannak ilyenek) szem\u00e9lyes adatai a saj\u00e1t felhaszn\u00e1l\u00f3i profiljukban is t\u00e1rol\u00e1sra ker\u00fclnek. Minden felhaszn\u00e1l\u00f3 megtekintheti, szerkesztheti vagy t\u00f6r\u00f6lheti a szem\u00e9lyes adatait b\u00e1rmikor (kiv\u00e9ve, hogy nem v\u00e1ltoztathatja meg a saj\u00e1t felhaszn\u00e1l\u00f3i nev\u00e9t). A honlap rendszergazd\u00e1i ezen inform\u00e1ci\u00f3kat szint\u00e9n megtekinthetik \u00e9s szerkeszthetik.<\/p>\n<p><strong>Milyen jogokkal rendelkezik a felhaszn\u00e1l\u00f3 a saj\u00e1t adatai kapcs\u00e1n<\/strong><\/p>\n<p>A weboldalon regisztr\u00e1lt fi\u00f3k vagy hozz\u00e1sz\u00f3l\u00e1s \u00edr\u00e1sa eset\u00e9n k\u00e9rhet\u0151 a szem\u00e9lyes adatok export f\u00e1jlban t\u00f6rt\u00e9n\u0151 megk\u00fcld\u00e9se, amely b\u00e1rmilyen adatot tartalmaz, amit kor\u00e1bban a felhaszn\u00e1l\u00f3 rendelkez\u00e9s\u00fcnkre bocs\u00e1tott. K\u00e9rhet\u0151 tov\u00e1bb\u00e1, hogy b\u00e1rmilyen kor\u00e1bban megadott szem\u00e9lyes adatot t\u00f6r\u00f6lj\u00fck. Ez nem vonatkozik azokra az adatokra, amelyeket adminisztr\u00e1ci\u00f3s, jogi vagy biztons\u00e1gi okokb\u00f3l k\u00f6telez\u0151 meg\u0151rizn\u00fcnk.<\/p>\n<p><strong>Hov\u00e1 tov\u00e1bb\u00edtjuk az adatokat<\/strong><\/p>\n<p>A l\u00e1togat\u00f3k \u00e1ltal bek\u00fcld\u00f6tt hozz\u00e1sz\u00f3l\u00e1sokat automatikus spamsz\u0171r\u0151 szolg\u00e1ltat\u00e1s ellen\u0151rizheti.<\/p>\n<\/div>\n<\/div>\t\t\t\t\t\t\t\t<\/div>\n\t\t\t\t<\/div>\n\t\t\t\t<\/div>","protected":false},"excerpt":{"rendered":"<p>Adatkezel\u00e9si T\u00e1j\u00e9koztat\u00f3 Adatv\u00e9delmi ir\u00e1nyelvek A \u201eMatrica\u201d M\u00fazeum h\u00edrlev\u00e9l szolg\u00e1ltat\u00e1s\u00e1val &nbsp;\u00e9s a honlapon tal\u00e1lhat\u00f3 kiadv\u00e1nyok megv\u00e1s\u00e1rl\u00e1s\u00e1val \u00f6sszef\u00fcgg\u0151 adatkezel\u00e9sr\u0151l. Jelen adatkezel\u00e9si t\u00e1j\u00e9koztat\u00f3 \u201eMatrica\u201d M\u00fazeum rendszeresen k\u00fcld\u00f6tt marketing c\u00e9l\u00fa h\u00edrlev\u00e9l-szolg\u00e1ltat\u00e1s\u00e1val \u00f6sszef\u00fcgg\u0151 szem\u00e9lyes adatkezel\u00e9sre vonatkoz\u00f3 tudnival\u00f3kat tartalmazza. Az adatkezel\u0151 megnevez\u00e9se: \u201eMatrica\u201d M\u00fazeum Sz\u00e9khely: 2440 Sz\u00e1zhalombatta, Geszteny\u00e9s \u00fat 1-3. Kapcsolattart\u00e1si adatok: E-mail: info@matricamuzeum.hu Tel: 06-70-402-6320 A kezelt szem\u00e9lyes adatok k\u00f6re: [&hellip;]<\/p>\n","protected":false},"author":1,"featured_media":0,"parent":0,"menu_order":0,"comment_status":"closed","ping_status":"closed","template":"","meta":{"footnotes":""},"class_list":["post-1314","page","type-page","status-publish","hentry"],"jetpack_sharing_enabled":true,"_links":{"self":[{"href":"https:\/\/matricateszt.hu\/en\/wp-json\/wp\/v2\/pages\/1314","targetHints":{"allow":["GET"]}}],"collection":[{"href":"https:\/\/matricateszt.hu\/en\/wp-json\/wp\/v2\/pages"}],"about":[{"href":"https:\/\/matricateszt.hu\/en\/wp-json\/wp\/v2\/types\/page"}],"author":[{"embeddable":true,"href":"https:\/\/matricateszt.hu\/en\/wp-json\/wp\/v2\/users\/1"}],"replies":[{"embeddable":true,"href":"https:\/\/matricateszt.hu\/en\/wp-json\/wp\/v2\/comments?post=1314"}],"version-history":[{"count":9,"href":"https:\/\/matricateszt.hu\/en\/wp-json\/wp\/v2\/pages\/1314\/revisions"}],"predecessor-version":[{"id":1732,"href":"https:\/\/matricateszt.hu\/en\/wp-json\/wp\/v2\/pages\/1314\/revisions\/1732"}],"wp:attachment":[{"href":"https:\/\/matricateszt.hu\/en\/wp-json\/wp\/v2\/media?parent=1314"}],"curies":[{"name":"wp","href":"https:\/\/api.w.org\/{rel}","templated":true}]}}