{"id":1643,"date":"2026-01-13T11:41:35","date_gmt":"2026-01-13T10:41:35","guid":{"rendered":"https:\/\/matricateszt.hu\/?page_id=1643"},"modified":"2026-01-30T09:32:19","modified_gmt":"2026-01-30T08:32:19","slug":"muzeumpedagogia","status":"publish","type":"page","link":"https:\/\/matricateszt.hu\/en\/muzeumpedagogia","title":{"rendered":"Museum pedagogy"},"content":{"rendered":"<div data-elementor-type=\"wp-page\" data-elementor-id=\"1643\" class=\"elementor elementor-1643\" data-elementor-post-type=\"page\">\n\t\t\t\t<div data-dce-background-color=\"#CBBD93D9\" class=\"elementor-element elementor-element-a142790 e-con-full e-flex e-con e-parent\" data-id=\"a142790\" data-element_type=\"container\" data-e-type=\"container\" data-settings=\"{&quot;background_background&quot;:&quot;classic&quot;,&quot;jet_parallax_layout_list&quot;:[]}\">\n\t\t\t\t<div class=\"elementor-element elementor-element-3113bb0 elementor-widget elementor-widget-heading\" data-id=\"3113bb0\" data-element_type=\"widget\" data-e-type=\"widget\" data-widget_type=\"heading.default\">\n\t\t\t\t\t<h1 class=\"elementor-heading-title elementor-size-default\">Museum pedagogy<\/h1>\t\t\t\t<\/div>\n\t\t<div class=\"elementor-element elementor-element-a423d99 e-con-full e-flex e-con e-child\" data-id=\"a423d99\" data-element_type=\"container\" data-e-type=\"container\" data-settings=\"{&quot;jet_parallax_layout_list&quot;:[]}\">\n\t\t<div class=\"elementor-element elementor-element-f175903 e-con-full e-transform e-transform e-flex e-con e-child\" data-id=\"f175903\" data-element_type=\"container\" data-e-type=\"container\" data-settings=\"{&quot;background_background&quot;:&quot;classic&quot;,&quot;jet_parallax_layout_list&quot;:[],&quot;_transform_scale_effect_hover&quot;:{&quot;unit&quot;:&quot;px&quot;,&quot;size&quot;:1.1,&quot;sizes&quot;:[]},&quot;_transform_scale_effect&quot;:{&quot;unit&quot;:&quot;px&quot;,&quot;size&quot;:&quot;&quot;,&quot;sizes&quot;:[]},&quot;_transform_scale_effect_tablet&quot;:{&quot;unit&quot;:&quot;px&quot;,&quot;size&quot;:&quot;&quot;,&quot;sizes&quot;:[]},&quot;_transform_scale_effect_mobile&quot;:{&quot;unit&quot;:&quot;px&quot;,&quot;size&quot;:&quot;&quot;,&quot;sizes&quot;:[]},&quot;_transform_scale_effect_hover_tablet&quot;:{&quot;unit&quot;:&quot;px&quot;,&quot;size&quot;:&quot;&quot;,&quot;sizes&quot;:[]},&quot;_transform_scale_effect_hover_mobile&quot;:{&quot;unit&quot;:&quot;px&quot;,&quot;size&quot;:&quot;&quot;,&quot;sizes&quot;:[]}}\">\n\t\t\t\t<div class=\"elementor-element elementor-element-b4a6e86 dce_masking-none elementor-widget elementor-widget-image\" data-id=\"b4a6e86\" data-element_type=\"widget\" data-e-type=\"widget\" data-widget_type=\"image.default\">\n\t\t\t\t\t\t\t\t\t\t\t\t\t\t\t\t<a href=\"https:\/\/matricateszt.hu\/en\/ovodasoknak\/\">\n\t\t\t\t\t\t\t<img decoding=\"async\" src=\"https:\/\/matricateszt.hu\/wp-content\/uploads\/elementor\/thumbs\/ovisok-rhlbfwp5rwczj2hec7p9lhozegnvyg33r92pl7ey7s.jpg\" title=\"ovisok\" alt=\"ovisok\" loading=\"lazy\" \/>\t\t\t\t\t\t\t\t<\/a>\n\t\t\t\t\t\t\t\t\t\t\t\t\t\t\t<\/div>\n\t\t\t\t<div class=\"elementor-element elementor-element-674768f elementor-widget elementor-widget-heading\" data-id=\"674768f\" data-element_type=\"widget\" data-e-type=\"widget\" data-widget_type=\"heading.default\">\n\t\t\t\t\t<h2 class=\"elementor-heading-title elementor-size-default\">For Preschool visitors<\/h2>\t\t\t\t<\/div>\n\t\t\t\t<\/div>\n\t\t<div class=\"elementor-element elementor-element-ec13f5a e-con-full e-transform e-transform e-flex e-con e-child\" data-id=\"ec13f5a\" data-element_type=\"container\" data-e-type=\"container\" data-settings=\"{&quot;background_background&quot;:&quot;classic&quot;,&quot;jet_parallax_layout_list&quot;:[],&quot;_transform_scale_effect_hover&quot;:{&quot;unit&quot;:&quot;px&quot;,&quot;size&quot;:1.1,&quot;sizes&quot;:[]},&quot;_transform_scale_effect&quot;:{&quot;unit&quot;:&quot;px&quot;,&quot;size&quot;:&quot;&quot;,&quot;sizes&quot;:[]},&quot;_transform_scale_effect_tablet&quot;:{&quot;unit&quot;:&quot;px&quot;,&quot;size&quot;:&quot;&quot;,&quot;sizes&quot;:[]},&quot;_transform_scale_effect_mobile&quot;:{&quot;unit&quot;:&quot;px&quot;,&quot;size&quot;:&quot;&quot;,&quot;sizes&quot;:[]},&quot;_transform_scale_effect_hover_tablet&quot;:{&quot;unit&quot;:&quot;px&quot;,&quot;size&quot;:&quot;&quot;,&quot;sizes&quot;:[]},&quot;_transform_scale_effect_hover_mobile&quot;:{&quot;unit&quot;:&quot;px&quot;,&quot;size&quot;:&quot;&quot;,&quot;sizes&quot;:[]}}\">\n\t\t\t\t<div class=\"elementor-element elementor-element-e32eec1 dce_masking-none elementor-widget elementor-widget-image\" data-id=\"e32eec1\" data-element_type=\"widget\" data-e-type=\"widget\" data-widget_type=\"image.default\">\n\t\t\t\t\t\t\t\t\t\t\t\t\t\t\t\t<a href=\"\/en\/iskolaknak\/\">\n\t\t\t\t\t\t\t<img decoding=\"async\" src=\"https:\/\/matricateszt.hu\/wp-content\/uploads\/elementor\/thumbs\/park-scaled-rhlblww1fskxpdrd9t5giz50132b4txd8z4dyuiego.jpg\" title=\"OLYMPUS DIGITAL CAMERA\" alt=\"OLYMPUS DIGITAL CAMERA\" loading=\"lazy\" \/>\t\t\t\t\t\t\t\t<\/a>\n\t\t\t\t\t\t\t\t\t\t\t\t\t\t\t<\/div>\n\t\t\t\t<div class=\"elementor-element elementor-element-b7835b7 elementor-widget elementor-widget-heading\" data-id=\"b7835b7\" data-element_type=\"widget\" data-e-type=\"widget\" data-widget_type=\"heading.default\">\n\t\t\t\t\t<h2 class=\"elementor-heading-title elementor-size-default\">For Elementary Students<\/h2>\t\t\t\t<\/div>\n\t\t\t\t<\/div>\n\t\t<div class=\"elementor-element elementor-element-29c2f8d e-con-full e-transform e-flex e-con e-child\" data-id=\"29c2f8d\" data-element_type=\"container\" data-e-type=\"container\" data-settings=\"{&quot;background_background&quot;:&quot;classic&quot;,&quot;jet_parallax_layout_list&quot;:[],&quot;_transform_scale_effect_hover&quot;:{&quot;unit&quot;:&quot;px&quot;,&quot;size&quot;:1.1,&quot;sizes&quot;:[]},&quot;_transform_scale_effect_hover_tablet&quot;:{&quot;unit&quot;:&quot;px&quot;,&quot;size&quot;:&quot;&quot;,&quot;sizes&quot;:[]},&quot;_transform_scale_effect_hover_mobile&quot;:{&quot;unit&quot;:&quot;px&quot;,&quot;size&quot;:&quot;&quot;,&quot;sizes&quot;:[]}}\">\n\t\t\t\t<div class=\"elementor-element elementor-element-b727409 dce_masking-none elementor-widget elementor-widget-image\" data-id=\"b727409\" data-element_type=\"widget\" data-e-type=\"widget\" data-widget_type=\"image.default\">\n\t\t\t\t\t\t\t\t\t\t\t\t\t\t\t\t<a href=\"https:\/\/matricateszt.hu\/en\/kozepiskolasoknak\/\">\n\t\t\t\t\t\t\t<img decoding=\"async\" src=\"https:\/\/matricateszt.hu\/wp-content\/uploads\/elementor\/thumbs\/Kozepisk-3-1280x1000-1-rhlbmm9okbjoeuqi5m4dwaqg2hl7wnq4cgqhxbgrso.jpg\" title=\"Kozepisk-3-1280&#215;1000-1\" alt=\"Kozepisk-3-1280x1000-1\" loading=\"lazy\" \/>\t\t\t\t\t\t\t\t<\/a>\n\t\t\t\t\t\t\t\t\t\t\t\t\t\t\t<\/div>\n\t\t\t\t<div class=\"elementor-element elementor-element-d6c45e9 elementor-widget elementor-widget-heading\" data-id=\"d6c45e9\" data-element_type=\"widget\" data-e-type=\"widget\" data-widget_type=\"heading.default\">\n\t\t\t\t\t<h2 class=\"elementor-heading-title elementor-size-default\">For Middle School Students<\/h2>\t\t\t\t<\/div>\n\t\t\t\t<\/div>\n\t\t\t\t<\/div>\n\t\t\t\t<\/div>\n\t\t\t\t<\/div>","protected":false},"excerpt":{"rendered":"<p>M\u00fazeumpedag\u00f3gia \u00d3vod\u00e1soknak \u00c1ltal\u00e1nos iskol\u00e1soknak K\u00f6z\u00e9piskol\u00e1soknak<\/p>","protected":false},"author":1,"featured_media":0,"parent":0,"menu_order":0,"comment_status":"closed","ping_status":"closed","template":"","meta":{"footnotes":""},"class_list":["post-1643","page","type-page","status-publish","hentry"],"jetpack_sharing_enabled":true,"_links":{"self":[{"href":"https:\/\/matricateszt.hu\/en\/wp-json\/wp\/v2\/pages\/1643","targetHints":{"allow":["GET"]}}],"collection":[{"href":"https:\/\/matricateszt.hu\/en\/wp-json\/wp\/v2\/pages"}],"about":[{"href":"https:\/\/matricateszt.hu\/en\/wp-json\/wp\/v2\/types\/page"}],"author":[{"embeddable":true,"href":"https:\/\/matricateszt.hu\/en\/wp-json\/wp\/v2\/users\/1"}],"replies":[{"embeddable":true,"href":"https:\/\/matricateszt.hu\/en\/wp-json\/wp\/v2\/comments?post=1643"}],"version-history":[{"count":65,"href":"https:\/\/matricateszt.hu\/en\/wp-json\/wp\/v2\/pages\/1643\/revisions"}],"predecessor-version":[{"id":2311,"href":"https:\/\/matricateszt.hu\/en\/wp-json\/wp\/v2\/pages\/1643\/revisions\/2311"}],"wp:attachment":[{"href":"https:\/\/matricateszt.hu\/en\/wp-json\/wp\/v2\/media?parent=1643"}],"curies":[{"name":"wp","href":"https:\/\/api.w.org\/{rel}","templated":true}]}}