{"id":2008,"date":"2026-01-24T13:57:55","date_gmt":"2026-01-24T12:57:55","guid":{"rendered":"https:\/\/matricateszt.hu\/?page_id=2008"},"modified":"2026-02-24T09:38:05","modified_gmt":"2026-02-24T08:38:05","slug":"alapito-okirat","status":"publish","type":"page","link":"https:\/\/matricateszt.hu\/en\/alapito-okirat","title":{"rendered":"Alap\u00edt\u00f3 okirat"},"content":{"rendered":"<div data-elementor-type=\"wp-page\" data-elementor-id=\"2008\" class=\"elementor elementor-2008\" data-elementor-post-type=\"page\">\n\t\t\t\t<div class=\"elementor-element elementor-element-941c49b e-con-full e-flex e-con e-parent\" data-id=\"941c49b\" data-element_type=\"container\" data-e-type=\"container\" data-settings=\"{&quot;background_background&quot;:&quot;classic&quot;,&quot;jet_parallax_layout_list&quot;:[]}\">\n\t\t\t\t<div class=\"elementor-element elementor-element-2bbbd98 elementor-widget elementor-widget-heading\" data-id=\"2bbbd98\" data-element_type=\"widget\" data-e-type=\"widget\" data-widget_type=\"heading.default\">\n\t\t\t\t\t<h1 class=\"elementor-heading-title elementor-size-default\">Founding Charter<\/h1>\t\t\t\t<\/div>\n\t\t\t\t<div class=\"elementor-element elementor-element-e7d5b96 elementor-align-center elementor-hidden-mobile elementor-widget elementor-widget-dce-pdf-viewer\" data-id=\"e7d5b96\" data-element_type=\"widget\" data-e-type=\"widget\" data-settings=\"{&quot;source_media&quot;:{&quot;url&quot;:&quot;https:\\\/\\\/matricateszt.hu\\\/wp-content\\\/uploads\\\/2026\\\/01\\\/alapito_okirat.pdf&quot;,&quot;id&quot;:2010,&quot;size&quot;:&quot;&quot;,&quot;alt&quot;:&quot;&quot;,&quot;source&quot;:&quot;library&quot;},&quot;zoom&quot;:1,&quot;source&quot;:&quot;media_file&quot;,&quot;download_controls&quot;:&quot;yes&quot;,&quot;navigation_controls&quot;:&quot;yes&quot;}\" data-widget_type=\"dce-pdf-viewer.default\">\n\t\t\t\t<div class=\"elementor-widget-container\">\n\t\t\t\t\t\n\t\t\t\t<div class=\"dce-pdf-controls\">\n\t\t\t\t\t\t<div class=\"dce-pdf-navigation-controls\">\n\t\t\t\t<button class=\"dce-pdf-go-previous\">El\u0151z\u0151 oldal<\/button>\n\t\t\t\t<input class=\"dce-pdf-current-page\" value=\"1\" type=\"number\" \/>\n\t\t\t\t<button class=\"dce-pdf-go-next\">K\u00f6vetkez\u0151 oldal<\/button>\n\t\t\t<\/div>\n\t\t\t\n\t\t\t\n\t\t\t\t\t\t<div class=\"dce-pdf-download-controls\">\n\t\t\t<button class=\"dce-pdf-download\">Download<\/button>\n\t\t\t<\/div>\n\t\t\t\n\t\t\t\t\t<\/div>\n\t\t\n\t\t<div class=\"dce-pdf-canvas-container\">\n\t\t\t<canvas class=\"dce-pdf-renderer\"><\/canvas>\n\t\t<\/div>\n\t\t\t\t<\/div>\n\t\t\t\t<\/div>\n\t\t\t\t<div class=\"elementor-element elementor-element-1ac0961 elementor-align-center elementor-hidden-desktop elementor-hidden-tablet elementor-widget elementor-widget-dce-pdf-viewer\" data-id=\"1ac0961\" data-element_type=\"widget\" data-e-type=\"widget\" data-settings=\"{&quot;source_media&quot;:{&quot;url&quot;:&quot;https:\\\/\\\/matricateszt.hu\\\/wp-content\\\/uploads\\\/2026\\\/01\\\/alapito_okirat.pdf&quot;,&quot;id&quot;:2010,&quot;size&quot;:&quot;&quot;,&quot;alt&quot;:&quot;&quot;,&quot;source&quot;:&quot;library&quot;},&quot;zoom&quot;:1,&quot;size_adjustable_width&quot;:0,&quot;source&quot;:&quot;media_file&quot;,&quot;size_adjustable_controls&quot;:&quot;yes&quot;,&quot;size_adjustable_height&quot;:&quot;600&quot;,&quot;download_controls&quot;:&quot;yes&quot;}\" data-widget_type=\"dce-pdf-viewer.default\">\n\t\t\t\t<div class=\"elementor-widget-container\">\n\t\t\t\t\t\n\t\t\t\t<div class=\"dce-pdf-controls\">\n\t\t\t\n\t\t\t\n\t\t\t\t\t\t<div class=\"dce-pdf-download-controls\">\n\t\t\t<button class=\"dce-pdf-download\">Download<\/button>\n\t\t\t<\/div>\n\t\t\t\n\t\t\t\t\t<\/div>\n\t\t\n\t\t<div class=\"dce-pdf-canvas-container\">\n\t\t\t<canvas class=\"dce-pdf-renderer\"><\/canvas>\n\t\t<\/div>\n\t\t\t\t<\/div>\n\t\t\t\t<\/div>\n\t\t\t\t<\/div>\n\t\t\t\t<\/div>","protected":false},"excerpt":{"rendered":"<p>Alap\u00edt\u00f3 Okirat El\u0151z\u0151 oldal K\u00f6vetkez\u0151 oldal Let\u00f6lt\u00e9s Let\u00f6lt\u00e9s<\/p>","protected":false},"author":1,"featured_media":0,"parent":0,"menu_order":0,"comment_status":"closed","ping_status":"closed","template":"","meta":{"footnotes":""},"class_list":["post-2008","page","type-page","status-publish","hentry"],"jetpack_sharing_enabled":true,"_links":{"self":[{"href":"https:\/\/matricateszt.hu\/en\/wp-json\/wp\/v2\/pages\/2008","targetHints":{"allow":["GET"]}}],"collection":[{"href":"https:\/\/matricateszt.hu\/en\/wp-json\/wp\/v2\/pages"}],"about":[{"href":"https:\/\/matricateszt.hu\/en\/wp-json\/wp\/v2\/types\/page"}],"author":[{"embeddable":true,"href":"https:\/\/matricateszt.hu\/en\/wp-json\/wp\/v2\/users\/1"}],"replies":[{"embeddable":true,"href":"https:\/\/matricateszt.hu\/en\/wp-json\/wp\/v2\/comments?post=2008"}],"version-history":[{"count":11,"href":"https:\/\/matricateszt.hu\/en\/wp-json\/wp\/v2\/pages\/2008\/revisions"}],"predecessor-version":[{"id":2903,"href":"https:\/\/matricateszt.hu\/en\/wp-json\/wp\/v2\/pages\/2008\/revisions\/2903"}],"wp:attachment":[{"href":"https:\/\/matricateszt.hu\/en\/wp-json\/wp\/v2\/media?parent=2008"}],"curies":[{"name":"wp","href":"https:\/\/api.w.org\/{rel}","templated":true}]}}