{"id":2033,"date":"2026-01-24T14:06:05","date_gmt":"2026-01-24T13:06:05","guid":{"rendered":"https:\/\/matricateszt.hu\/?page_id=2033"},"modified":"2026-02-05T20:31:36","modified_gmt":"2026-02-05T19:31:36","slug":"statisztikai-adatszolgaltatas-2022","status":"publish","type":"page","link":"https:\/\/matricateszt.hu\/en\/statisztikai-adatszolgaltatas-2022","title":{"rendered":"Statistical Data Report \u2013 2022"},"content":{"rendered":"<div data-elementor-type=\"wp-page\" data-elementor-id=\"2033\" class=\"elementor elementor-2033\" data-elementor-post-type=\"page\">\n\t\t\t\t<div class=\"elementor-element elementor-element-72f3f3f e-con-full e-flex e-con e-parent\" data-id=\"72f3f3f\" data-element_type=\"container\" data-e-type=\"container\" data-settings=\"{&quot;background_background&quot;:&quot;classic&quot;,&quot;jet_parallax_layout_list&quot;:[]}\">\n\t\t\t\t<div class=\"elementor-element elementor-element-f4be219 elementor-widget elementor-widget-heading\" data-id=\"f4be219\" data-element_type=\"widget\" data-e-type=\"widget\" data-widget_type=\"heading.default\">\n\t\t\t\t\t<h1 class=\"elementor-heading-title elementor-size-default\">Statistical Data Report \u2013 2022<\/h1>\t\t\t\t<\/div>\n\t\t\t\t<div class=\"elementor-element elementor-element-b69f2e8 elementor-align-center elementor-hidden-mobile elementor-widget elementor-widget-dce-pdf-viewer\" data-id=\"b69f2e8\" data-element_type=\"widget\" data-e-type=\"widget\" data-settings=\"{&quot;source_media&quot;:{&quot;url&quot;:&quot;https:\\\/\\\/matricateszt.hu\\\/wp-content\\\/uploads\\\/2026\\\/01\\\/statisztika-2022.pdf&quot;,&quot;id&quot;:2035,&quot;size&quot;:&quot;&quot;,&quot;alt&quot;:&quot;&quot;,&quot;source&quot;:&quot;library&quot;},&quot;zoom&quot;:1,&quot;source&quot;:&quot;media_file&quot;,&quot;download_controls&quot;:&quot;yes&quot;,&quot;navigation_controls&quot;:&quot;yes&quot;}\" data-widget_type=\"dce-pdf-viewer.default\">\n\t\t\t\t<div class=\"elementor-widget-container\">\n\t\t\t\t\t\n\t\t\t\t<div class=\"dce-pdf-controls\">\n\t\t\t\t\t\t<div class=\"dce-pdf-navigation-controls\">\n\t\t\t\t<button class=\"dce-pdf-go-previous\">El\u0151z\u0151 oldal<\/button>\n\t\t\t\t<input class=\"dce-pdf-current-page\" value=\"1\" type=\"number\" \/>\n\t\t\t\t<button class=\"dce-pdf-go-next\">K\u00f6vetkez\u0151 oldal<\/button>\n\t\t\t<\/div>\n\t\t\t\n\t\t\t\n\t\t\t\t\t\t<div class=\"dce-pdf-download-controls\">\n\t\t\t<button class=\"dce-pdf-download\">Download<\/button>\n\t\t\t<\/div>\n\t\t\t\n\t\t\t\t\t<\/div>\n\t\t\n\t\t<div class=\"dce-pdf-canvas-container\">\n\t\t\t<canvas class=\"dce-pdf-renderer\"><\/canvas>\n\t\t<\/div>\n\t\t\t\t<\/div>\n\t\t\t\t<\/div>\n\t\t\t\t<div class=\"elementor-element elementor-element-614c176 elementor-align-center elementor-hidden-desktop elementor-hidden-tablet elementor-widget elementor-widget-dce-pdf-viewer\" data-id=\"614c176\" data-element_type=\"widget\" data-e-type=\"widget\" data-settings=\"{&quot;source_media&quot;:{&quot;url&quot;:&quot;https:\\\/\\\/matricateszt.hu\\\/wp-content\\\/uploads\\\/2026\\\/01\\\/statisztika-2022.pdf&quot;,&quot;id&quot;:2035,&quot;size&quot;:&quot;&quot;,&quot;alt&quot;:&quot;&quot;,&quot;source&quot;:&quot;library&quot;},&quot;zoom&quot;:1,&quot;size_adjustable_width&quot;:0,&quot;source&quot;:&quot;media_file&quot;,&quot;size_adjustable_controls&quot;:&quot;yes&quot;,&quot;size_adjustable_height&quot;:&quot;600&quot;,&quot;download_controls&quot;:&quot;yes&quot;}\" data-widget_type=\"dce-pdf-viewer.default\">\n\t\t\t\t<div class=\"elementor-widget-container\">\n\t\t\t\t\t\n\t\t\t\t<div class=\"dce-pdf-controls\">\n\t\t\t\n\t\t\t\n\t\t\t\t\t\t<div class=\"dce-pdf-download-controls\">\n\t\t\t<button class=\"dce-pdf-download\">Download<\/button>\n\t\t\t<\/div>\n\t\t\t\n\t\t\t\t\t<\/div>\n\t\t\n\t\t<div class=\"dce-pdf-canvas-container\">\n\t\t\t<canvas class=\"dce-pdf-renderer\"><\/canvas>\n\t\t<\/div>\n\t\t\t\t<\/div>\n\t\t\t\t<\/div>\n\t\t\t\t<\/div>\n\t\t\t\t<\/div>","protected":false},"excerpt":{"rendered":"<p>Statisztikai adatszolg\u00e1ltat\u00e1s 2022 El\u0151z\u0151 oldal K\u00f6vetkez\u0151 oldal Let\u00f6lt\u00e9s Let\u00f6lt\u00e9s<\/p>","protected":false},"author":1,"featured_media":0,"parent":0,"menu_order":0,"comment_status":"closed","ping_status":"closed","template":"","meta":{"footnotes":""},"class_list":["post-2033","page","type-page","status-publish","hentry"],"jetpack_sharing_enabled":true,"_links":{"self":[{"href":"https:\/\/matricateszt.hu\/en\/wp-json\/wp\/v2\/pages\/2033","targetHints":{"allow":["GET"]}}],"collection":[{"href":"https:\/\/matricateszt.hu\/en\/wp-json\/wp\/v2\/pages"}],"about":[{"href":"https:\/\/matricateszt.hu\/en\/wp-json\/wp\/v2\/types\/page"}],"author":[{"embeddable":true,"href":"https:\/\/matricateszt.hu\/en\/wp-json\/wp\/v2\/users\/1"}],"replies":[{"embeddable":true,"href":"https:\/\/matricateszt.hu\/en\/wp-json\/wp\/v2\/comments?post=2033"}],"version-history":[{"count":10,"href":"https:\/\/matricateszt.hu\/en\/wp-json\/wp\/v2\/pages\/2033\/revisions"}],"predecessor-version":[{"id":2677,"href":"https:\/\/matricateszt.hu\/en\/wp-json\/wp\/v2\/pages\/2033\/revisions\/2677"}],"wp:attachment":[{"href":"https:\/\/matricateszt.hu\/en\/wp-json\/wp\/v2\/media?parent=2033"}],"curies":[{"name":"wp","href":"https:\/\/api.w.org\/{rel}","templated":true}]}}