{"id":2052,"date":"2026-01-25T10:03:36","date_gmt":"2026-01-25T09:03:36","guid":{"rendered":"https:\/\/matricateszt.hu\/?page_id=2052"},"modified":"2026-02-05T20:24:42","modified_gmt":"2026-02-05T19:24:42","slug":"beszamolok","status":"publish","type":"page","link":"https:\/\/matricateszt.hu\/en\/beszamolok","title":{"rendered":"Annual Reports"},"content":{"rendered":"<div data-elementor-type=\"wp-page\" data-elementor-id=\"2052\" class=\"elementor elementor-2052\" data-elementor-post-type=\"page\">\n\t\t\t\t<div class=\"elementor-element elementor-element-17dbd13 e-con-full e-flex e-con e-parent\" data-id=\"17dbd13\" data-element_type=\"container\" data-e-type=\"container\" data-settings=\"{&quot;background_background&quot;:&quot;classic&quot;,&quot;jet_parallax_layout_list&quot;:[]}\">\n\t\t\t\t<div class=\"elementor-element elementor-element-9fbec5a elementor-widget elementor-widget-heading\" data-id=\"9fbec5a\" data-element_type=\"widget\" data-e-type=\"widget\" data-widget_type=\"heading.default\">\n\t\t\t\t\t<h1 class=\"elementor-heading-title elementor-size-default\">Annual Reports<\/h1>\t\t\t\t<\/div>\n\t\t\t\t<div class=\"elementor-element elementor-element-57345ce elementor-align-center elementor-widget elementor-widget-dce-pdf-viewer\" data-id=\"57345ce\" data-element_type=\"widget\" data-e-type=\"widget\" data-settings=\"{&quot;source_media&quot;:{&quot;url&quot;:&quot;https:\\\/\\\/matricateszt.hu\\\/wp-content\\\/uploads\\\/2026\\\/01\\\/2024-eves-beszamolo.pdf&quot;,&quot;id&quot;:2055,&quot;size&quot;:&quot;&quot;,&quot;alt&quot;:&quot;&quot;,&quot;source&quot;:&quot;library&quot;},&quot;zoom&quot;:0,&quot;source&quot;:&quot;media_file&quot;,&quot;download_controls&quot;:&quot;yes&quot;}\" data-widget_type=\"dce-pdf-viewer.default\">\n\t\t\t\t<div class=\"elementor-widget-container\">\n\t\t\t\t\t\n\t\t\t\t<div class=\"dce-pdf-controls\">\n\t\t\t\n\t\t\t\n\t\t\t\t\t\t<div class=\"dce-pdf-download-controls\">\n\t\t\t<button class=\"dce-pdf-download\">Let\u00f6lt\u00e9s - &quot;Matrica&quot; M\u00fazeum Besz\u00e1mol\u00f3 2024<\/button>\n\t\t\t<\/div>\n\t\t\t\n\t\t\t\t\t<\/div>\n\t\t\n\t\t<div class=\"dce-pdf-canvas-container\">\n\t\t\t<canvas class=\"dce-pdf-renderer\"><\/canvas>\n\t\t<\/div>\n\t\t\t\t<\/div>\n\t\t\t\t<\/div>\n\t\t\t\t<div class=\"elementor-element elementor-element-63abe65 elementor-align-center elementor-widget elementor-widget-dce-pdf-viewer\" data-id=\"63abe65\" data-element_type=\"widget\" data-e-type=\"widget\" data-settings=\"{&quot;source_media&quot;:{&quot;url&quot;:&quot;https:\\\/\\\/matricateszt.hu\\\/wp-content\\\/uploads\\\/2026\\\/01\\\/Muzeum_2023.eves-beszamolo.pdf&quot;,&quot;id&quot;:2056,&quot;size&quot;:&quot;&quot;,&quot;alt&quot;:&quot;&quot;,&quot;source&quot;:&quot;library&quot;},&quot;zoom&quot;:0,&quot;source&quot;:&quot;media_file&quot;,&quot;download_controls&quot;:&quot;yes&quot;}\" data-widget_type=\"dce-pdf-viewer.default\">\n\t\t\t\t<div class=\"elementor-widget-container\">\n\t\t\t\t\t\n\t\t\t\t<div class=\"dce-pdf-controls\">\n\t\t\t\n\t\t\t\n\t\t\t\t\t\t<div class=\"dce-pdf-download-controls\">\n\t\t\t<button class=\"dce-pdf-download\">Let\u00f6lt\u00e9s - &quot;Matrica&quot; M\u00fazeum Besz\u00e1mol\u00f3 2023<\/button>\n\t\t\t<\/div>\n\t\t\t\n\t\t\t\t\t<\/div>\n\t\t\n\t\t<div class=\"dce-pdf-canvas-container\">\n\t\t\t<canvas class=\"dce-pdf-renderer\"><\/canvas>\n\t\t<\/div>\n\t\t\t\t<\/div>\n\t\t\t\t<\/div>\n\t\t\t\t<div class=\"elementor-element elementor-element-deaf199 elementor-align-center elementor-widget elementor-widget-dce-pdf-viewer\" data-id=\"deaf199\" data-element_type=\"widget\" data-e-type=\"widget\" data-settings=\"{&quot;source_media&quot;:{&quot;url&quot;:&quot;https:\\\/\\\/matricateszt.hu\\\/wp-content\\\/uploads\\\/2026\\\/01\\\/Muzeum_Beszamolo_2022.pdf&quot;,&quot;id&quot;:2057,&quot;size&quot;:&quot;&quot;,&quot;alt&quot;:&quot;&quot;,&quot;source&quot;:&quot;library&quot;},&quot;zoom&quot;:0,&quot;source&quot;:&quot;media_file&quot;,&quot;download_controls&quot;:&quot;yes&quot;}\" data-widget_type=\"dce-pdf-viewer.default\">\n\t\t\t\t<div class=\"elementor-widget-container\">\n\t\t\t\t\t\n\t\t\t\t<div class=\"dce-pdf-controls\">\n\t\t\t\n\t\t\t\n\t\t\t\t\t\t<div class=\"dce-pdf-download-controls\">\n\t\t\t<button class=\"dce-pdf-download\">Let\u00f6lt\u00e9s - &quot;Matrica&quot; M\u00fazeum Besz\u00e1mol\u00f3 2022<\/button>\n\t\t\t<\/div>\n\t\t\t\n\t\t\t\t\t<\/div>\n\t\t\n\t\t<div class=\"dce-pdf-canvas-container\">\n\t\t\t<canvas class=\"dce-pdf-renderer\"><\/canvas>\n\t\t<\/div>\n\t\t\t\t<\/div>\n\t\t\t\t<\/div>\n\t\t\t\t<div class=\"elementor-element elementor-element-0965940 elementor-align-center elementor-widget elementor-widget-dce-pdf-viewer\" data-id=\"0965940\" data-element_type=\"widget\" data-e-type=\"widget\" data-settings=\"{&quot;source_media&quot;:{&quot;url&quot;:&quot;https:\\\/\\\/matricateszt.hu\\\/wp-content\\\/uploads\\\/2026\\\/01\\\/Muzeum_Beszamolo_2021.pdf&quot;,&quot;id&quot;:2058,&quot;size&quot;:&quot;&quot;,&quot;alt&quot;:&quot;&quot;,&quot;source&quot;:&quot;library&quot;},&quot;zoom&quot;:0,&quot;source&quot;:&quot;media_file&quot;,&quot;download_controls&quot;:&quot;yes&quot;}\" data-widget_type=\"dce-pdf-viewer.default\">\n\t\t\t\t<div class=\"elementor-widget-container\">\n\t\t\t\t\t\n\t\t\t\t<div class=\"dce-pdf-controls\">\n\t\t\t\n\t\t\t\n\t\t\t\t\t\t<div class=\"dce-pdf-download-controls\">\n\t\t\t<button class=\"dce-pdf-download\">Let\u00f6lt\u00e9s - &quot;Matrica&quot; M\u00fazeum Besz\u00e1mol\u00f3 2021<\/button>\n\t\t\t<\/div>\n\t\t\t\n\t\t\t\t\t<\/div>\n\t\t\n\t\t<div class=\"dce-pdf-canvas-container\">\n\t\t\t<canvas class=\"dce-pdf-renderer\"><\/canvas>\n\t\t<\/div>\n\t\t\t\t<\/div>\n\t\t\t\t<\/div>\n\t\t\t\t<div class=\"elementor-element elementor-element-21ad11a elementor-align-center elementor-widget elementor-widget-dce-pdf-viewer\" data-id=\"21ad11a\" data-element_type=\"widget\" data-e-type=\"widget\" data-settings=\"{&quot;source_media&quot;:{&quot;url&quot;:&quot;https:\\\/\\\/matricateszt.hu\\\/wp-content\\\/uploads\\\/2026\\\/01\\\/Muzeum_Beszamolo_2020.pdf&quot;,&quot;id&quot;:2059,&quot;size&quot;:&quot;&quot;,&quot;alt&quot;:&quot;&quot;,&quot;source&quot;:&quot;library&quot;},&quot;zoom&quot;:0,&quot;source&quot;:&quot;media_file&quot;,&quot;download_controls&quot;:&quot;yes&quot;}\" data-widget_type=\"dce-pdf-viewer.default\">\n\t\t\t\t<div class=\"elementor-widget-container\">\n\t\t\t\t\t\n\t\t\t\t<div class=\"dce-pdf-controls\">\n\t\t\t\n\t\t\t\n\t\t\t\t\t\t<div class=\"dce-pdf-download-controls\">\n\t\t\t<button class=\"dce-pdf-download\">Let\u00f6lt\u00e9s - &quot;Matrica&quot; M\u00fazeum Besz\u00e1mol\u00f3 2020<\/button>\n\t\t\t<\/div>\n\t\t\t\n\t\t\t\t\t<\/div>\n\t\t\n\t\t<div class=\"dce-pdf-canvas-container\">\n\t\t\t<canvas class=\"dce-pdf-renderer\"><\/canvas>\n\t\t<\/div>\n\t\t\t\t<\/div>\n\t\t\t\t<\/div>\n\t\t\t\t<div class=\"elementor-element elementor-element-5d220ad elementor-align-center elementor-widget elementor-widget-dce-pdf-viewer\" data-id=\"5d220ad\" data-element_type=\"widget\" data-e-type=\"widget\" data-settings=\"{&quot;source_media&quot;:{&quot;url&quot;:&quot;https:\\\/\\\/matricateszt.hu\\\/wp-content\\\/uploads\\\/2026\\\/01\\\/Muzeum_Beszamolo_2019.pdf&quot;,&quot;id&quot;:2060,&quot;size&quot;:&quot;&quot;,&quot;alt&quot;:&quot;&quot;,&quot;source&quot;:&quot;library&quot;},&quot;zoom&quot;:0,&quot;source&quot;:&quot;media_file&quot;,&quot;download_controls&quot;:&quot;yes&quot;}\" data-widget_type=\"dce-pdf-viewer.default\">\n\t\t\t\t<div class=\"elementor-widget-container\">\n\t\t\t\t\t\n\t\t\t\t<div class=\"dce-pdf-controls\">\n\t\t\t\n\t\t\t\n\t\t\t\t\t\t<div class=\"dce-pdf-download-controls\">\n\t\t\t<button class=\"dce-pdf-download\">Let\u00f6lt\u00e9s - &quot;Matrica&quot; M\u00fazeum Besz\u00e1mol\u00f3 2019<\/button>\n\t\t\t<\/div>\n\t\t\t\n\t\t\t\t\t<\/div>\n\t\t\n\t\t<div class=\"dce-pdf-canvas-container\">\n\t\t\t<canvas class=\"dce-pdf-renderer\"><\/canvas>\n\t\t<\/div>\n\t\t\t\t<\/div>\n\t\t\t\t<\/div>\n\t\t\t\t<div class=\"elementor-element elementor-element-551ced1 elementor-align-center elementor-widget elementor-widget-dce-pdf-viewer\" data-id=\"551ced1\" data-element_type=\"widget\" data-e-type=\"widget\" data-settings=\"{&quot;source_media&quot;:{&quot;url&quot;:&quot;https:\\\/\\\/matricateszt.hu\\\/wp-content\\\/uploads\\\/2026\\\/01\\\/Muzeum_Beszamolo_2018.pdf&quot;,&quot;id&quot;:2061,&quot;size&quot;:&quot;&quot;,&quot;alt&quot;:&quot;&quot;,&quot;source&quot;:&quot;library&quot;},&quot;zoom&quot;:0,&quot;source&quot;:&quot;media_file&quot;,&quot;download_controls&quot;:&quot;yes&quot;}\" data-widget_type=\"dce-pdf-viewer.default\">\n\t\t\t\t<div class=\"elementor-widget-container\">\n\t\t\t\t\t\n\t\t\t\t<div class=\"dce-pdf-controls\">\n\t\t\t\n\t\t\t\n\t\t\t\t\t\t<div class=\"dce-pdf-download-controls\">\n\t\t\t<button class=\"dce-pdf-download\">Let\u00f6lt\u00e9s - &quot;Matrica&quot; M\u00fazeum Besz\u00e1mol\u00f3 2018<\/button>\n\t\t\t<\/div>\n\t\t\t\n\t\t\t\t\t<\/div>\n\t\t\n\t\t<div class=\"dce-pdf-canvas-container\">\n\t\t\t<canvas class=\"dce-pdf-renderer\"><\/canvas>\n\t\t<\/div>\n\t\t\t\t<\/div>\n\t\t\t\t<\/div>\n\t\t\t\t<div class=\"elementor-element elementor-element-1a59462 elementor-align-center elementor-widget elementor-widget-dce-pdf-viewer\" data-id=\"1a59462\" data-element_type=\"widget\" data-e-type=\"widget\" data-settings=\"{&quot;source_media&quot;:{&quot;url&quot;:&quot;https:\\\/\\\/matricateszt.hu\\\/wp-content\\\/uploads\\\/2026\\\/01\\\/Muzeum_Beszamolo_2017.pdf&quot;,&quot;id&quot;:2062,&quot;size&quot;:&quot;&quot;,&quot;alt&quot;:&quot;&quot;,&quot;source&quot;:&quot;library&quot;},&quot;zoom&quot;:0,&quot;source&quot;:&quot;media_file&quot;,&quot;download_controls&quot;:&quot;yes&quot;}\" data-widget_type=\"dce-pdf-viewer.default\">\n\t\t\t\t<div class=\"elementor-widget-container\">\n\t\t\t\t\t\n\t\t\t\t<div class=\"dce-pdf-controls\">\n\t\t\t\n\t\t\t\n\t\t\t\t\t\t<div class=\"dce-pdf-download-controls\">\n\t\t\t<button class=\"dce-pdf-download\">Let\u00f6lt\u00e9s - &quot;Matrica&quot; M\u00fazeum Besz\u00e1mol\u00f3 2017<\/button>\n\t\t\t<\/div>\n\t\t\t\n\t\t\t\t\t<\/div>\n\t\t\n\t\t<div class=\"dce-pdf-canvas-container\">\n\t\t\t<canvas class=\"dce-pdf-renderer\"><\/canvas>\n\t\t<\/div>\n\t\t\t\t<\/div>\n\t\t\t\t<\/div>\n\t\t\t\t<div class=\"elementor-element elementor-element-c76df88 elementor-align-center elementor-widget elementor-widget-dce-pdf-viewer\" data-id=\"c76df88\" data-element_type=\"widget\" data-e-type=\"widget\" data-settings=\"{&quot;source_media&quot;:{&quot;url&quot;:&quot;https:\\\/\\\/matricateszt.hu\\\/wp-content\\\/uploads\\\/2026\\\/01\\\/Muzeum_beszamolo_2015.pdf&quot;,&quot;id&quot;:2063,&quot;size&quot;:&quot;&quot;,&quot;alt&quot;:&quot;&quot;,&quot;source&quot;:&quot;library&quot;},&quot;zoom&quot;:0,&quot;source&quot;:&quot;media_file&quot;,&quot;download_controls&quot;:&quot;yes&quot;}\" data-widget_type=\"dce-pdf-viewer.default\">\n\t\t\t\t<div class=\"elementor-widget-container\">\n\t\t\t\t\t\n\t\t\t\t<div class=\"dce-pdf-controls\">\n\t\t\t\n\t\t\t\n\t\t\t\t\t\t<div class=\"dce-pdf-download-controls\">\n\t\t\t<button class=\"dce-pdf-download\">Let\u00f6lt\u00e9s - &quot;Matrica&quot; M\u00fazeum Besz\u00e1mol\u00f3 2015<\/button>\n\t\t\t<\/div>\n\t\t\t\n\t\t\t\t\t<\/div>\n\t\t\n\t\t<div class=\"dce-pdf-canvas-container\">\n\t\t\t<canvas class=\"dce-pdf-renderer\"><\/canvas>\n\t\t<\/div>\n\t\t\t\t<\/div>\n\t\t\t\t<\/div>\n\t\t\t\t<div class=\"elementor-element elementor-element-0451b5a elementor-align-center elementor-widget elementor-widget-dce-pdf-viewer\" data-id=\"0451b5a\" data-element_type=\"widget\" data-e-type=\"widget\" data-settings=\"{&quot;source_media&quot;:{&quot;url&quot;:&quot;https:\\\/\\\/matricateszt.hu\\\/wp-content\\\/uploads\\\/2026\\\/01\\\/Muzeum_beszamolo_2014.pdf&quot;,&quot;id&quot;:2064,&quot;size&quot;:&quot;&quot;,&quot;alt&quot;:&quot;&quot;,&quot;source&quot;:&quot;library&quot;},&quot;zoom&quot;:0,&quot;source&quot;:&quot;media_file&quot;,&quot;download_controls&quot;:&quot;yes&quot;}\" data-widget_type=\"dce-pdf-viewer.default\">\n\t\t\t\t<div class=\"elementor-widget-container\">\n\t\t\t\t\t\n\t\t\t\t<div class=\"dce-pdf-controls\">\n\t\t\t\n\t\t\t\n\t\t\t\t\t\t<div class=\"dce-pdf-download-controls\">\n\t\t\t<button class=\"dce-pdf-download\">Let\u00f6lt\u00e9s - &quot;Matrica&quot; M\u00fazeum Besz\u00e1mol\u00f3 2014<\/button>\n\t\t\t<\/div>\n\t\t\t\n\t\t\t\t\t<\/div>\n\t\t\n\t\t<div class=\"dce-pdf-canvas-container\">\n\t\t\t<canvas class=\"dce-pdf-renderer\"><\/canvas>\n\t\t<\/div>\n\t\t\t\t<\/div>\n\t\t\t\t<\/div>\n\t\t\t\t<div class=\"elementor-element elementor-element-2140ba8 elementor-align-center elementor-widget elementor-widget-dce-pdf-viewer\" data-id=\"2140ba8\" data-element_type=\"widget\" data-e-type=\"widget\" data-settings=\"{&quot;source_media&quot;:{&quot;url&quot;:&quot;https:\\\/\\\/matricateszt.hu\\\/wp-content\\\/uploads\\\/2026\\\/01\\\/Muzeum_beszamolo_2013.pdf&quot;,&quot;id&quot;:2065,&quot;size&quot;:&quot;&quot;,&quot;alt&quot;:&quot;&quot;,&quot;source&quot;:&quot;library&quot;},&quot;zoom&quot;:0,&quot;source&quot;:&quot;media_file&quot;,&quot;download_controls&quot;:&quot;yes&quot;}\" data-widget_type=\"dce-pdf-viewer.default\">\n\t\t\t\t<div class=\"elementor-widget-container\">\n\t\t\t\t\t\n\t\t\t\t<div class=\"dce-pdf-controls\">\n\t\t\t\n\t\t\t\n\t\t\t\t\t\t<div class=\"dce-pdf-download-controls\">\n\t\t\t<button class=\"dce-pdf-download\">Let\u00f6lt\u00e9s - &quot;Matrica&quot; M\u00fazeum Besz\u00e1mol\u00f3 2013<\/button>\n\t\t\t<\/div>\n\t\t\t\n\t\t\t\t\t<\/div>\n\t\t\n\t\t<div class=\"dce-pdf-canvas-container\">\n\t\t\t<canvas class=\"dce-pdf-renderer\"><\/canvas>\n\t\t<\/div>\n\t\t\t\t<\/div>\n\t\t\t\t<\/div>\n\t\t\t\t<\/div>\n\t\t\t\t<\/div>","protected":false},"excerpt":{"rendered":"<p>Besz\u00e1mol\u00f3k Let\u00f6lt\u00e9s &#8211; &#8222;Matrica&#8221; M\u00fazeum Besz\u00e1mol\u00f3 2024 Let\u00f6lt\u00e9s &#8211; &#8222;Matrica&#8221; M\u00fazeum Besz\u00e1mol\u00f3 2023 Let\u00f6lt\u00e9s &#8211; &#8222;Matrica&#8221; M\u00fazeum Besz\u00e1mol\u00f3 2022 Let\u00f6lt\u00e9s &#8211; &#8222;Matrica&#8221; M\u00fazeum Besz\u00e1mol\u00f3 2021 Let\u00f6lt\u00e9s &#8211; &#8222;Matrica&#8221; M\u00fazeum Besz\u00e1mol\u00f3 2020 Let\u00f6lt\u00e9s &#8211; &#8222;Matrica&#8221; M\u00fazeum Besz\u00e1mol\u00f3 2019 Let\u00f6lt\u00e9s &#8211; &#8222;Matrica&#8221; M\u00fazeum Besz\u00e1mol\u00f3 2018 Let\u00f6lt\u00e9s &#8211; &#8222;Matrica&#8221; M\u00fazeum Besz\u00e1mol\u00f3 2017 Let\u00f6lt\u00e9s &#8211; &#8222;Matrica&#8221; M\u00fazeum Besz\u00e1mol\u00f3 2015 [&hellip;]<\/p>\n","protected":false},"author":1,"featured_media":0,"parent":0,"menu_order":0,"comment_status":"closed","ping_status":"closed","template":"","meta":{"footnotes":""},"class_list":["post-2052","page","type-page","status-publish","hentry"],"jetpack_sharing_enabled":true,"_links":{"self":[{"href":"https:\/\/matricateszt.hu\/en\/wp-json\/wp\/v2\/pages\/2052","targetHints":{"allow":["GET"]}}],"collection":[{"href":"https:\/\/matricateszt.hu\/en\/wp-json\/wp\/v2\/pages"}],"about":[{"href":"https:\/\/matricateszt.hu\/en\/wp-json\/wp\/v2\/types\/page"}],"author":[{"embeddable":true,"href":"https:\/\/matricateszt.hu\/en\/wp-json\/wp\/v2\/users\/1"}],"replies":[{"embeddable":true,"href":"https:\/\/matricateszt.hu\/en\/wp-json\/wp\/v2\/comments?post=2052"}],"version-history":[{"count":10,"href":"https:\/\/matricateszt.hu\/en\/wp-json\/wp\/v2\/pages\/2052\/revisions"}],"predecessor-version":[{"id":2659,"href":"https:\/\/matricateszt.hu\/en\/wp-json\/wp\/v2\/pages\/2052\/revisions\/2659"}],"wp:attachment":[{"href":"https:\/\/matricateszt.hu\/en\/wp-json\/wp\/v2\/media?parent=2052"}],"curies":[{"name":"wp","href":"https:\/\/api.w.org\/{rel}","templated":true}]}}