{"id":2451,"date":"2026-01-30T11:19:11","date_gmt":"2026-01-30T10:19:11","guid":{"rendered":"https:\/\/matricateszt.hu\/?page_id=2451"},"modified":"2026-02-24T10:08:08","modified_gmt":"2026-02-24T09:08:08","slug":"munkatarsaink","status":"publish","type":"page","link":"https:\/\/matricateszt.hu\/en\/munkatarsaink","title":{"rendered":"Our staff"},"content":{"rendered":"<div data-elementor-type=\"wp-page\" data-elementor-id=\"2451\" class=\"elementor elementor-2451\" data-elementor-post-type=\"page\">\n\t\t\t\t<div class=\"elementor-element elementor-element-42a8df2 e-con-full e-flex e-con e-parent\" data-id=\"42a8df2\" data-element_type=\"container\" data-e-type=\"container\" data-settings=\"{&quot;background_background&quot;:&quot;classic&quot;,&quot;jet_parallax_layout_list&quot;:[]}\">\n\t\t\t\t<div class=\"elementor-element elementor-element-c680e36 elementor-widget elementor-widget-heading\" data-id=\"c680e36\" data-element_type=\"widget\" data-e-type=\"widget\" data-widget_type=\"heading.default\">\n\t\t\t\t\t<h2 class=\"elementor-heading-title elementor-size-default\">Our staff<\/h2>\t\t\t\t<\/div>\n\t\t<div class=\"elementor-element elementor-element-a30e3e7 e-con-full e-flex e-con e-child\" data-id=\"a30e3e7\" data-element_type=\"container\" data-e-type=\"container\" data-settings=\"{&quot;jet_parallax_layout_list&quot;:[],&quot;background_background&quot;:&quot;classic&quot;}\">\n\t\t<div class=\"elementor-element elementor-element-7003068 e-con-full animated-fast e-flex e-con e-child\" data-id=\"7003068\" data-element_type=\"container\" data-e-type=\"container\" data-settings=\"{&quot;jet_parallax_layout_list&quot;:[],&quot;animation&quot;:&quot;none&quot;}\">\n\t\t\t\t<div class=\"elementor-element elementor-element-599ccf2 elementor-widget__width-initial dce_masking-none elementor-widget elementor-widget-image\" data-id=\"599ccf2\" data-element_type=\"widget\" data-e-type=\"widget\" data-widget_type=\"image.default\">\n\t\t\t\t\t\t\t\t\t\t\t\t\t\t\t<img fetchpriority=\"high\" decoding=\"async\" width=\"1536\" height=\"2047\" src=\"https:\/\/matricateszt.hu\/wp-content\/uploads\/2026\/02\/gabi.jpg\" class=\"attachment-full size-full wp-image-2811\" alt=\"gabi\" srcset=\"https:\/\/matricateszt.hu\/wp-content\/uploads\/2026\/02\/gabi.jpg 1536w, https:\/\/matricateszt.hu\/wp-content\/uploads\/2026\/02\/gabi-225x300.jpg 225w, https:\/\/matricateszt.hu\/wp-content\/uploads\/2026\/02\/gabi-768x1024.jpg 768w, https:\/\/matricateszt.hu\/wp-content\/uploads\/2026\/02\/gabi-1153x1536.jpg 1153w\" sizes=\"(max-width: 1536px) 100vw, 1536px\" \/>\t\t\t\t\t\t\t\t\t\t\t\t\t\t\t<\/div>\n\t\t\t\t<\/div>\n\t\t<div class=\"elementor-element elementor-element-2e2f709 e-con-full animated-fast e-flex e-con e-child\" data-id=\"2e2f709\" data-element_type=\"container\" data-e-type=\"container\" data-settings=\"{&quot;jet_parallax_layout_list&quot;:[],&quot;animation&quot;:&quot;none&quot;}\">\n\t\t\t\t<div class=\"elementor-element elementor-element-ad1b9c8 elementor-widget__width-initial elementor-widget elementor-widget-text-editor\" data-id=\"ad1b9c8\" data-element_type=\"widget\" data-e-type=\"widget\" data-widget_type=\"text-editor.default\">\n\t\t\t\t\t\t\t\t\t<p><strong>Tak\u00e1csn\u00e9 N\u00e9meth Gabriella<\/strong><br \/><em>Archaeologist, Museum Director<\/em><\/p><p>My main tasks include the organization of exhibitions displaying professional materials; the enlargement of the archaeological collection and the collection of the Photo Gallery. Furthermore the monitoring of archaeological sites, the registration of incoming materials and their addition to the existing museum records. I also cooperate with the authorities. In Hungarian, German and French, I lead guided tours in the Museum and Archaeological Park.<br \/><br \/><\/p><p><span style=\"text-decoration: underline;\">tnemethgabriella@matricamuzeum.hu<\/span><br \/><span style=\"text-decoration: underline;\">+36 70 402 6320<\/span><\/p>\t\t\t\t\t\t\t\t<\/div>\n\t\t\t\t<\/div>\n\t\t\t\t<\/div>\n\t\t<div class=\"elementor-element elementor-element-97b0172 e-con-full e-flex e-con e-child\" data-id=\"97b0172\" data-element_type=\"container\" data-e-type=\"container\" data-settings=\"{&quot;jet_parallax_layout_list&quot;:[],&quot;background_background&quot;:&quot;classic&quot;}\">\n\t\t<div class=\"elementor-element elementor-element-0f59ad0 e-con-full animated-fast e-flex e-con e-child\" data-id=\"0f59ad0\" data-element_type=\"container\" data-e-type=\"container\" data-settings=\"{&quot;jet_parallax_layout_list&quot;:[],&quot;animation&quot;:&quot;none&quot;}\">\n\t\t\t\t<div class=\"elementor-element elementor-element-0d8a7f5 elementor-widget__width-initial dce_masking-none elementor-widget elementor-widget-image\" data-id=\"0d8a7f5\" data-element_type=\"widget\" data-e-type=\"widget\" data-widget_type=\"image.default\">\n\t\t\t\t\t\t\t\t\t\t\t\t\t\t\t<img decoding=\"async\" width=\"1536\" height=\"2048\" src=\"https:\/\/matricateszt.hu\/wp-content\/uploads\/2026\/02\/erika.jpg\" class=\"attachment-full size-full wp-image-2878\" alt=\"erika\" srcset=\"https:\/\/matricateszt.hu\/wp-content\/uploads\/2026\/02\/erika.jpg 1536w, https:\/\/matricateszt.hu\/wp-content\/uploads\/2026\/02\/erika-225x300.jpg 225w, https:\/\/matricateszt.hu\/wp-content\/uploads\/2026\/02\/erika-768x1024.jpg 768w, https:\/\/matricateszt.hu\/wp-content\/uploads\/2026\/02\/erika-1152x1536.jpg 1152w\" sizes=\"(max-width: 1536px) 100vw, 1536px\" \/>\t\t\t\t\t\t\t\t\t\t\t\t\t\t\t<\/div>\n\t\t\t\t<\/div>\n\t\t<div class=\"elementor-element elementor-element-b07f9b6 e-con-full animated-fast e-flex e-con e-child\" data-id=\"b07f9b6\" data-element_type=\"container\" data-e-type=\"container\" data-settings=\"{&quot;jet_parallax_layout_list&quot;:[],&quot;animation&quot;:&quot;none&quot;}\">\n\t\t\t\t<div class=\"elementor-element elementor-element-724b8a1 elementor-widget__width-initial elementor-widget elementor-widget-text-editor\" data-id=\"724b8a1\" data-element_type=\"widget\" data-e-type=\"widget\" data-widget_type=\"text-editor.default\">\n\t\t\t\t\t\t\t\t\t<p><strong>Szab\u00f3n\u00e9 Kov\u00e1cs Erika<\/strong><br \/><em>Cashier, Tour Guide, Workshop Leader<\/em><\/p><p>My main responsibilities include welcoming and providing information to individual and group visitors at the Archaeological Park. I oversee compliance with the Park\u2019s regulations and manage the ticket office and gift shop.<\/p>\t\t\t\t\t\t\t\t<\/div>\n\t\t\t\t<\/div>\n\t\t\t\t<\/div>\n\t\t<div class=\"elementor-element elementor-element-d5fb622 e-con-full e-flex e-con e-child\" data-id=\"d5fb622\" data-element_type=\"container\" data-e-type=\"container\" data-settings=\"{&quot;jet_parallax_layout_list&quot;:[],&quot;background_background&quot;:&quot;classic&quot;}\">\n\t\t<div class=\"elementor-element elementor-element-7fa3bfd e-con-full animated-fast e-flex e-con e-child\" data-id=\"7fa3bfd\" data-element_type=\"container\" data-e-type=\"container\" data-settings=\"{&quot;jet_parallax_layout_list&quot;:[],&quot;animation&quot;:&quot;none&quot;}\">\n\t\t\t\t<div class=\"elementor-element elementor-element-971d062 elementor-widget__width-initial dce_masking-none elementor-widget elementor-widget-image\" data-id=\"971d062\" data-element_type=\"widget\" data-e-type=\"widget\" data-widget_type=\"image.default\">\n\t\t\t\t\t\t\t\t\t\t\t\t\t\t\t<img decoding=\"async\" width=\"1536\" height=\"2048\" src=\"https:\/\/matricateszt.hu\/wp-content\/uploads\/2026\/02\/zsuzsa.jpg\" class=\"attachment-full size-full wp-image-2812\" alt=\"zsuzsa\" srcset=\"https:\/\/matricateszt.hu\/wp-content\/uploads\/2026\/02\/zsuzsa.jpg 1536w, https:\/\/matricateszt.hu\/wp-content\/uploads\/2026\/02\/zsuzsa-225x300.jpg 225w, https:\/\/matricateszt.hu\/wp-content\/uploads\/2026\/02\/zsuzsa-768x1024.jpg 768w, https:\/\/matricateszt.hu\/wp-content\/uploads\/2026\/02\/zsuzsa-1152x1536.jpg 1152w\" sizes=\"(max-width: 1536px) 100vw, 1536px\" \/>\t\t\t\t\t\t\t\t\t\t\t\t\t\t\t<\/div>\n\t\t\t\t<\/div>\n\t\t<div class=\"elementor-element elementor-element-73f324e e-con-full animated-fast e-flex e-con e-child\" data-id=\"73f324e\" data-element_type=\"container\" data-e-type=\"container\" data-settings=\"{&quot;jet_parallax_layout_list&quot;:[],&quot;animation&quot;:&quot;none&quot;}\">\n\t\t\t\t<div class=\"elementor-element elementor-element-66935b2 elementor-widget__width-initial elementor-widget elementor-widget-text-editor\" data-id=\"66935b2\" data-element_type=\"widget\" data-e-type=\"widget\" data-widget_type=\"text-editor.default\">\n\t\t\t\t\t\t\t\t\t<p><strong>T\u00f3th Zsuzsanna<\/strong><br \/><em>Museum Educator, Deputy Director<\/em><\/p><p>My responsibilities include organizing and conducting museum-educational and public cultural programs. I maintain contact with local educational institutions and their instructors, and I develop programs and grant proposals for both the Museum and the Archaeological Park.<\/p><p><a href=\"mailto:tothzsuzsa@matricamuzeum.hu\"><span style=\"text-decoration: underline;\">tothzsuzsa@matricamuzeum.hu<\/span><\/a><br \/><a href=\"tel:+36704165723\"><span style=\"text-decoration: underline;\">+36 70 416 5723<\/span><\/a><\/p>\t\t\t\t\t\t\t\t<\/div>\n\t\t\t\t<\/div>\n\t\t\t\t<\/div>\n\t\t<div class=\"elementor-element elementor-element-0a0af40 e-con-full e-flex e-con e-child\" data-id=\"0a0af40\" data-element_type=\"container\" data-e-type=\"container\" data-settings=\"{&quot;jet_parallax_layout_list&quot;:[],&quot;background_background&quot;:&quot;classic&quot;}\">\n\t\t<div class=\"elementor-element elementor-element-34dc8dc e-con-full animated-fast e-flex e-con e-child\" data-id=\"34dc8dc\" data-element_type=\"container\" data-e-type=\"container\" data-settings=\"{&quot;jet_parallax_layout_list&quot;:[],&quot;animation&quot;:&quot;none&quot;}\">\n\t\t\t\t<div class=\"elementor-element elementor-element-3e661a5 elementor-widget__width-initial dce_masking-none elementor-widget elementor-widget-image\" data-id=\"3e661a5\" data-element_type=\"widget\" data-e-type=\"widget\" data-widget_type=\"image.default\">\n\t\t\t\t\t\t\t\t\t\t\t\t\t\t\t<img loading=\"lazy\" decoding=\"async\" width=\"1434\" height=\"2046\" src=\"https:\/\/matricateszt.hu\/wp-content\/uploads\/2026\/02\/marta.jpg\" class=\"attachment-full size-full wp-image-2814\" alt=\"marta\" srcset=\"https:\/\/matricateszt.hu\/wp-content\/uploads\/2026\/02\/marta.jpg 1434w, https:\/\/matricateszt.hu\/wp-content\/uploads\/2026\/02\/marta-210x300.jpg 210w, https:\/\/matricateszt.hu\/wp-content\/uploads\/2026\/02\/marta-718x1024.jpg 718w, https:\/\/matricateszt.hu\/wp-content\/uploads\/2026\/02\/marta-768x1096.jpg 768w, https:\/\/matricateszt.hu\/wp-content\/uploads\/2026\/02\/marta-1077x1536.jpg 1077w\" sizes=\"(max-width: 1434px) 100vw, 1434px\" \/>\t\t\t\t\t\t\t\t\t\t\t\t\t\t\t<\/div>\n\t\t\t\t<\/div>\n\t\t<div class=\"elementor-element elementor-element-fabc083 e-con-full animated-fast e-flex e-con e-child\" data-id=\"fabc083\" data-element_type=\"container\" data-e-type=\"container\" data-settings=\"{&quot;jet_parallax_layout_list&quot;:[],&quot;animation&quot;:&quot;none&quot;}\">\n\t\t\t\t<div class=\"elementor-element elementor-element-44e2c13 elementor-widget__width-initial elementor-widget elementor-widget-text-editor\" data-id=\"44e2c13\" data-element_type=\"widget\" data-e-type=\"widget\" data-widget_type=\"text-editor.default\">\n\t\t\t\t\t\t\t\t\t<p><strong>Sevella M\u00e1rta<\/strong><br \/><em>Financial Administrator<\/em><\/p><p>My responsibilities include managing the financial affairs of the Museum and the Archaeological Park, liaising with the Economic Unit of VCSGK, and monitoring grant opportunities.<\/p><p><span style=\"text-decoration: underline;\"><a href=\"mailto:sevellamarta@matricamuzeum.hu\">sevellamarta@matricamuzeum.hu<\/a><\/span><br \/><span style=\"text-decoration: underline;\"><a href=\"tel:+36704026320\">+36 70 402 6320<\/a><\/span><\/p>\t\t\t\t\t\t\t\t<\/div>\n\t\t\t\t<\/div>\n\t\t\t\t<\/div>\n\t\t<div class=\"elementor-element elementor-element-c2c56ac e-con-full e-flex e-con e-child\" data-id=\"c2c56ac\" data-element_type=\"container\" data-e-type=\"container\" data-settings=\"{&quot;jet_parallax_layout_list&quot;:[],&quot;background_background&quot;:&quot;classic&quot;}\">\n\t\t<div class=\"elementor-element elementor-element-9f1a65c e-con-full animated-fast e-flex e-con e-child\" data-id=\"9f1a65c\" data-element_type=\"container\" data-e-type=\"container\" data-settings=\"{&quot;jet_parallax_layout_list&quot;:[],&quot;animation&quot;:&quot;none&quot;}\">\n\t\t\t\t<div class=\"elementor-element elementor-element-fa1a265 elementor-widget__width-initial dce_masking-none elementor-widget elementor-widget-image\" data-id=\"fa1a265\" data-element_type=\"widget\" data-e-type=\"widget\" data-widget_type=\"image.default\">\n\t\t\t\t\t\t\t\t\t\t\t\t\t\t\t<img loading=\"lazy\" decoding=\"async\" width=\"1536\" height=\"2048\" src=\"https:\/\/matricateszt.hu\/wp-content\/uploads\/2026\/02\/att.bq7-ZGZURUd4-DFHKkJlxrELwuwLaS0sd0f0Xh-Rl0I.jpg\" class=\"attachment-full size-full wp-image-2525\" alt=\"\" srcset=\"https:\/\/matricateszt.hu\/wp-content\/uploads\/2026\/02\/att.bq7-ZGZURUd4-DFHKkJlxrELwuwLaS0sd0f0Xh-Rl0I.jpg 1536w, https:\/\/matricateszt.hu\/wp-content\/uploads\/2026\/02\/att.bq7-ZGZURUd4-DFHKkJlxrELwuwLaS0sd0f0Xh-Rl0I-225x300.jpg 225w, https:\/\/matricateszt.hu\/wp-content\/uploads\/2026\/02\/att.bq7-ZGZURUd4-DFHKkJlxrELwuwLaS0sd0f0Xh-Rl0I-768x1024.jpg 768w, https:\/\/matricateszt.hu\/wp-content\/uploads\/2026\/02\/att.bq7-ZGZURUd4-DFHKkJlxrELwuwLaS0sd0f0Xh-Rl0I-1152x1536.jpg 1152w\" sizes=\"(max-width: 1536px) 100vw, 1536px\" \/>\t\t\t\t\t\t\t\t\t\t\t\t\t\t\t<\/div>\n\t\t\t\t<\/div>\n\t\t<div class=\"elementor-element elementor-element-4971182 e-con-full animated-fast e-flex e-con e-child\" data-id=\"4971182\" data-element_type=\"container\" data-e-type=\"container\" data-settings=\"{&quot;jet_parallax_layout_list&quot;:[],&quot;animation&quot;:&quot;none&quot;}\">\n\t\t\t\t<div class=\"elementor-element elementor-element-886a286 elementor-widget__width-initial elementor-widget elementor-widget-text-editor\" data-id=\"886a286\" data-element_type=\"widget\" data-e-type=\"widget\" data-widget_type=\"text-editor.default\">\n\t\t\t\t\t\t\t\t\t<p><strong>Ill\u00e9s Orsolya<\/strong><br \/><em>PR and Administrative Manager<br \/><\/em><\/p><p>My responsibilities include managing all PR and advertising activities related to events and programs at the Museum and the Archaeological Park. I also participate in other museum and city events and handle related administrative tasks.<\/p><p><span style=\"text-decoration: underline;\"><a href=\"mailto:illesorsolya@matricamuzeum.hu\">illesorsolya@matricamuzeum.hu<\/a><\/span><br \/><a href=\"tel:+36704165723\"><span style=\"text-decoration: underline;\">+36 70 416 5723<\/span><\/a><\/p>\t\t\t\t\t\t\t\t<\/div>\n\t\t\t\t<\/div>\n\t\t\t\t<\/div>\n\t\t<div class=\"elementor-element elementor-element-7e71258 e-con-full e-flex e-con e-child\" data-id=\"7e71258\" data-element_type=\"container\" data-e-type=\"container\" data-settings=\"{&quot;jet_parallax_layout_list&quot;:[],&quot;background_background&quot;:&quot;classic&quot;}\">\n\t\t<div class=\"elementor-element elementor-element-2053f36 e-con-full animated-fast e-flex e-con e-child\" data-id=\"2053f36\" data-element_type=\"container\" data-e-type=\"container\" data-settings=\"{&quot;jet_parallax_layout_list&quot;:[],&quot;animation&quot;:&quot;none&quot;}\">\n\t\t\t\t<div class=\"elementor-element elementor-element-eee83cb elementor-widget__width-initial dce_masking-none elementor-widget elementor-widget-image\" data-id=\"eee83cb\" data-element_type=\"widget\" data-e-type=\"widget\" data-widget_type=\"image.default\">\n\t\t\t\t\t\t\t\t\t\t\t\t\t\t\t<img loading=\"lazy\" decoding=\"async\" width=\"1536\" height=\"2048\" src=\"https:\/\/matricateszt.hu\/wp-content\/uploads\/2026\/02\/szilvi.jpg\" class=\"attachment-full size-full wp-image-2813\" alt=\"szilvi\" srcset=\"https:\/\/matricateszt.hu\/wp-content\/uploads\/2026\/02\/szilvi.jpg 1536w, https:\/\/matricateszt.hu\/wp-content\/uploads\/2026\/02\/szilvi-225x300.jpg 225w, https:\/\/matricateszt.hu\/wp-content\/uploads\/2026\/02\/szilvi-768x1024.jpg 768w, https:\/\/matricateszt.hu\/wp-content\/uploads\/2026\/02\/szilvi-1152x1536.jpg 1152w\" sizes=\"(max-width: 1536px) 100vw, 1536px\" \/>\t\t\t\t\t\t\t\t\t\t\t\t\t\t\t<\/div>\n\t\t\t\t<\/div>\n\t\t<div class=\"elementor-element elementor-element-0ad6796 e-con-full animated-fast e-flex e-con e-child\" data-id=\"0ad6796\" data-element_type=\"container\" data-e-type=\"container\" data-settings=\"{&quot;jet_parallax_layout_list&quot;:[],&quot;animation&quot;:&quot;none&quot;}\">\n\t\t\t\t<div class=\"elementor-element elementor-element-9970ba2 elementor-widget__width-initial elementor-widget elementor-widget-text-editor\" data-id=\"9970ba2\" data-element_type=\"widget\" data-e-type=\"widget\" data-widget_type=\"text-editor.default\">\n\t\t\t\t\t\t\t\t\t<p><strong>Szab\u00f3 Szilvia<\/strong><br \/><em>Conservator<\/em><\/p><p>My responsibilities include assessing the condition of artifacts, cleaning and conserving them, planning and carrying out restorations, and ensuring that the museum environment meets proper preservation standards for the protection of the collection.<\/p>\t\t\t\t\t\t\t\t<\/div>\n\t\t\t\t<\/div>\n\t\t\t\t<\/div>\n\t\t\t\t<\/div>\n\t\t\t\t<\/div>","protected":false},"excerpt":{"rendered":"<p>Munkat\u00e1rsaink Tak\u00e1csn\u00e9 N\u00e9meth GabriellaR\u00e9g\u00e9sz, m\u00fazeumigazgat\u00f3 Feladatom a szakmai anyagokat bemutat\u00f3 ki\u00e1ll\u00edt\u00e1sok szervez\u00e9se, rendez\u00e9se, a R\u00e9g\u00e9szeti gy\u0171jtem\u00e9ny \u00e9s Adatt\u00e1ri Fot\u00f3t\u00e1r gy\u0171jtem\u00e9ny\u00e9nek gyarap\u00edt\u00e1sa, a r\u00e9g\u00e9szeti lel\u0151helyek megfigyel\u00e9se. A m\u00fazeumi nyilv\u00e1ntart\u00e1s, a szakhat\u00f3s\u00e1gi levelez\u00e9s. Magyar, n\u00e9met \u00e9s francia nyelven tartok idegenvezet\u00e9seket a \u201eMatrica\u201c M\u00fazeumban \u00e9s a R\u00e9g\u00e9szeti Parkban. tnemethgabriella@matricamuzeum.hu+36 70 402 6320 Szab\u00f3n\u00e9 Kov\u00e1cs ErikaP\u00e9nzt\u00e1ros, idegenvezet\u0151, k\u00e9zm\u0171vesfoglalkoz\u00e1s-vezet\u0151 Legf\u0151bb [&hellip;]<\/p>\n","protected":false},"author":1,"featured_media":0,"parent":0,"menu_order":0,"comment_status":"closed","ping_status":"closed","template":"","meta":{"footnotes":""},"class_list":["post-2451","page","type-page","status-publish","hentry"],"jetpack_sharing_enabled":true,"_links":{"self":[{"href":"https:\/\/matricateszt.hu\/en\/wp-json\/wp\/v2\/pages\/2451","targetHints":{"allow":["GET"]}}],"collection":[{"href":"https:\/\/matricateszt.hu\/en\/wp-json\/wp\/v2\/pages"}],"about":[{"href":"https:\/\/matricateszt.hu\/en\/wp-json\/wp\/v2\/types\/page"}],"author":[{"embeddable":true,"href":"https:\/\/matricateszt.hu\/en\/wp-json\/wp\/v2\/users\/1"}],"replies":[{"embeddable":true,"href":"https:\/\/matricateszt.hu\/en\/wp-json\/wp\/v2\/comments?post=2451"}],"version-history":[{"count":22,"href":"https:\/\/matricateszt.hu\/en\/wp-json\/wp\/v2\/pages\/2451\/revisions"}],"predecessor-version":[{"id":2912,"href":"https:\/\/matricateszt.hu\/en\/wp-json\/wp\/v2\/pages\/2451\/revisions\/2912"}],"wp:attachment":[{"href":"https:\/\/matricateszt.hu\/en\/wp-json\/wp\/v2\/media?parent=2451"}],"curies":[{"name":"wp","href":"https:\/\/api.w.org\/{rel}","templated":true}]}}